{"id":11489,"date":"2022-03-28T23:20:49","date_gmt":"2022-03-28T23:20:49","guid":{"rendered":"https:\/\/dev.tolomatic.com\/ueber-tolomatic\/history\/"},"modified":"2022-11-15T15:29:54","modified_gmt":"2022-11-15T15:29:54","slug":"unsere-geschichte","status":"publish","type":"page","link":"https:\/\/dev.tolomatic.com\/de\/uber-tolomatic\/unsere-geschichte\/","title":{"rendered":"Unsere Geschichte"},"content":{"rendered":"<style>.acf-custom-block.acf-block-rmgintrobanner{padding:60px 0;position:relative}@media only screen and (max-width:1180px){.acf-custom-block.acf-block-rmgintrobanner{padding:50px 0}}.acf-custom-block.acf-block-rmgintrobanner .content{max-width:750px;padding:20px 0 20px 150px}@media only screen and (max-width:1180px){.acf-custom-block.acf-block-rmgintrobanner .content{padding:0}}.acf-custom-block.acf-block-rmgintrobanner .content h1{color:#84cef3;margin-top:0;text-shadow:0 0 20px rgba(0,0,0,.3)}.acf-custom-block.acf-block-rmgintrobanner .content p{font-size:1.25rem}.acf-custom-block.acf-block-rmgintrobanner .content a.btn{margin-top:15px}.acf-custom-block.acf-block-rmgintrobanner.text-dark .content h1,.acf-custom-block.acf-block-rmgintrobanner.text-dark .content p{color:#2c3038}.acf-custom-block.acf-block-rmgintrobanner.text-light .content h1,.acf-custom-block.acf-block-rmgintrobanner.text-light .content p{color:#fff}.acf-custom-block.acf-block-rmgintrobanner.intro-align-center .content{margin:0 auto;padding:20px 100px;text-align:center}@media only screen and (max-width:1180px){.acf-custom-block.acf-block-rmgintrobanner.intro-align-center .content{padding:0}}.acf-custom-block.acf-block-rmgintrobanner.has-nav .content{padding-bottom:50px}@media only screen and (max-width:1180px){.acf-custom-block.acf-block-rmgintrobanner.has-nav .content{padding-bottom:0}}.acf-custom-block.acf-block-rmgintrobanner.bg-image:before{background-position:top}.acf-custom-block.acf-block-rmgintrobanner.background-bg-blue .content h1,.acf-custom-block.acf-block-rmgintrobanner.background-bg-blue .content p{color:#fff}.acf-custom-block.acf-block-rmgintrobanner.background-bg-light-blue .content h1,.acf-custom-block.acf-block-rmgintrobanner.background-bg-light-blue .content p{color:#2c3038}.acf-custom-block.acf-block-rmgintrobanner.intro-wide .content{max-width:100%}.acf-custom-block.acf-block-rmgintrobanner.block-below-none{padding-bottom:0}.intro-banner{margin:0 auto;max-width:1600px;position:relative}.intro-banner .secondary-nav{bottom:0;left:0;position:absolute;text-align:center;width:100%}.intro-banner .secondary-nav .acf-block-wrap{max-width:1600px;padding:0}.intro-banner .secondary-nav ul{display:inline-block;list-style:none;margin:0;padding:0;width:100%}.intro-banner .secondary-nav ul li{display:inline-block;vertical-align:bottom}.intro-banner .secondary-nav ul li a{background-color:hsla(0,0%,100%,.75);color:#0072a7;display:block;font-size:1.1rem;font-weight:700;margin:0 1px;padding:20px 40px;text-decoration:none}.intro-banner .secondary-nav ul li.active a{background-color:#fff;padding:21px 40px}@media only screen and (max-width:1180px){.intro-banner .secondary-nav{position:relative}.intro-banner .secondary-nav ul li{display:block;width:100%}.intro-banner .secondary-nav ul li a{border-bottom:1px solid #888;font-size:1.1rem;padding:15px}}@media only screen and (max-width:767px){.intro-banner .secondary-nav{position:relative}.intro-banner .secondary-nav ul li{display:block;width:100%}.intro-banner .secondary-nav ul li a{border-bottom:1px solid #888;font-size:1.1rem;padding:15px}}body.lang-de .intro-banner .secondary-nav ul li a{font-size:1rem;padding:20px}@media only screen and (max-width:1220px){body.lang-de .intro-banner .secondary-nav ul li a{font-size:.875rem;padding:14px 20px}body.lang-de .intro-banner .secondary-nav ul li.active a{padding:16px 20px}}<\/style>\t<div class=\"banner-breadcrumbs\"><ul class=\"breadcrumbs\"><li><a href=\"https:\/\/dev.tolomatic.com\/de\/\">Home<\/a><\/li><li><a href=\"https:\/\/dev.tolomatic.com\/de\/uber-tolomatic\/\">\u00dcber Tolomatic<\/a><\/li><li>Unsere Geschichte<\/li><\/ul><\/div>\n<div class=\"intro-banner\">\n\t<div class=\"acf-block-rmgintrobanner acf-custom-block align-full has-nav bg-image background-white text-light intro-align-left darken-background-0 block-below-normal\" id=\"block_8b1396231fa62bd7286f2b53e5614c37\">\n\t\t\t\t<div class=\"acf-block-wrap\">\n\t\t\t<div class=\"content\">\n\t\t\t\t<h1>Unsere Geschichte<\/h1>\t\t\t\t<div id=\"dnn_IntroPhotoPane\" class=\"intro-content tabbed sc-cb-pane-glow\">\n<div class=\"DnnModule DnnModule-2sxc DnnModule-488 DnnVersionableControl\">\n<div class=\"blank-container\">\n<div id=\"dnn_ctr488_ContentPane\">\n<div id=\"dnn_ctr488_ModuleContent\" class=\"DNNModuleContent Mod2sxcC\">\n<div class=\"sc-content-block\" data-cb-instance=\"488\" data-cb-id=\"488\" data-edit-context=\"{&quot;Environment&quot;:{&quot;WebsiteId&quot;:0,&quot;WebsiteUrl&quot;:&quot;\/\/dev.tolomatic.com\/de-de\/&quot;,&quot;PageId&quot;:545,&quot;PageUrl&quot;:&quot;https:\/\/dev.tolomatic.com\/de-de\/\u00fcber-tolomatic\/unsere-geschichte&quot;,&quot;parameters&quot;:[{&quot;Key&quot;:&quot;TabId&quot;,&quot;Value&quot;:&quot;545&quot;},{&quot;Key&quot;:&quot;language&quot;,&quot;Value&quot;:&quot;de-DE&quot;}],&quot;InstanceId&quot;:488,&quot;SxcVersion&quot;:&quot;10.25.2.30892&quot;,&quot;SxcRootUrl&quot;:&quot;\/&quot;,&quot;IsEditable&quot;:true},&quot;User&quot;:{&quot;CanDesign&quot;:true,&quot;CanDevelop&quot;:true},&quot;Language&quot;:{&quot;Current&quot;:&quot;de-de&quot;,&quot;Primary&quot;:&quot;en-us&quot;,&quot;All&quot;:[{&quot;key&quot;:&quot;en-us&quot;,&quot;name&quot;:&quot;English (United States)&quot;},{&quot;key&quot;:&quot;de-de&quot;,&quot;name&quot;:&quot;Deutsch (Deutschland)&quot;}]},&quot;ContentBlock&quot;:{&quot;ShowTemplatePicker&quot;:true,&quot;IsEntity&quot;:false,&quot;VersioningRequirements&quot;:&quot;DraftRequired&quot;,&quot;Id&quot;:488,&quot;ParentFieldName&quot;:null,&quot;ParentFieldSortOrder&quot;:0,&quot;PartOfPage&quot;:true},&quot;ContentGroup&quot;:{&quot;IsCreated&quot;:true,&quot;IsList&quot;:false,&quot;TemplateId&quot;:976,&quot;QueryId&quot;:null,&quot;ContentTypeName&quot;:&quot;4673aad2-db1e-48bb-a1e7-32eacea36d36&quot;,&quot;AppUrl&quot;:&quot;\/Portals\/0\/2sxc\/Content&quot;,&quot;AppSettingsId&quot;:null,&quot;AppResourcesId&quot;:null,&quot;IsContent&quot;:true,&quot;HasContent&quot;:true,&quot;SupportsAjax&quot;:true,&quot;ZoneId&quot;:2,&quot;AppId&quot;:2,&quot;Guid&quot;:&quot;e4036995-7f21-46a6-bf41-08ee894fec6e&quot;,&quot;Id&quot;:1073},&quot;error&quot;:{&quot;type&quot;:null},&quot;Ui&quot;:{&quot;AutoToolbar&quot;:true,&quot;Form&quot;:&quot;ng8&quot;}}\">\n<div class=\"text-columns single-column light-text\">\n<div class=\"container\">\n<div class=\"row\">\n<div class=\"col-sm-9 col-md-5 col-md-offset-1\">\n<div>\n<p>Seit den bescheidenen Anf\u00e4ngen in den F\u00fcnfzigerjahren hat Tolomatic seine Produktpalette um innovative Produkte erweitert, die f\u00fcr die L\u00f6sung der Automatisierungsaufgaben unserer Kunden sorgen.<\/p>\n<\/div>\n<\/div>\n<\/div>\n<\/div>\n<\/div>\n<\/div>\n<\/div>\n<\/div>\n<\/div>\n<\/div>\n<\/div>\n\t\t\t<\/div>\t\t<\/div>\n\t\t\t\t\t\t\t<style>#block_8b1396231fa62bd7286f2b53e5614c37:before {background-image: url(https:\/\/dev.tolomatic.com\/wp-content\/uploads\/2022\/04\/headerbanner-history-1600x549px-v5-1024x351.jpg);}<\/style>\n\t\t\t<\/div>\n\t\t\t<div class=\"secondary-nav\">\n\t\t\t<div class=\"acf-block-wrap\">\n\t\t\t\t<ul><li class=\"active\"><a href=\"https:\/\/dev.tolomatic.com\/de\/uber-tolomatic\/unsere-geschichte\/\" target=\"_self\" class=\"\">Unsere Geschichte<\/a><\/li><li ><a href=\"https:\/\/dev.tolomatic.com\/de\/uber-tolomatic\/fuhrungsqualitat\/\" target=\"_self\" class=\"\">F\u00fchrungsqualit\u00e4t<\/a><\/li><\/ul>\n\t\t\t<\/div>\n\t\t<\/div>\n\t<\/div>\n\n<style>.acf-custom-block.acf-block-rmgwysiwyg img{display:block;max-width:100%}.acf-custom-block.acf-block-rmgwysiwyg:first-of-type{padding-top:60px}.acf-custom-block.acf-block-rmgwysiwyg:last-of-type{padding-bottom:60px}.acf-custom-block.acf-block-rmgwysiwyg.vertical-align-middle .columns{align-items:center}.acf-custom-block.acf-block-rmgwysiwyg .intro{margin-bottom:40px}.acf-custom-block.acf-block-rmgwysiwyg .intro.width-wide{margin:0 auto 40px;max-width:900px}.acf-custom-block.acf-block-rmgwysiwyg .intro.width-narrow{margin:0 auto 40px;max-width:700px}@media only screen and (min-width:768px){.acf-custom-block.acf-block-rmgwysiwyg .columns{display:flex;flex:auto;margin:0 -24px}.acf-custom-block.acf-block-rmgwysiwyg .column{flex:1;margin:0 24px}.acf-custom-block.acf-block-rmgwysiwyg.columns-2.column-size-large-left .column:first-child{flex:2;padding-right:50px}.acf-custom-block.acf-block-rmgwysiwyg.columns-2.column-size-large-right .column:first-child{padding-right:50px}.acf-custom-block.acf-block-rmgwysiwyg.columns-2.column-size-large-right .column:last-child{flex:2}}@media only screen and (max-width:767px){.acf-custom-block.acf-block-rmgwysiwyg .intro{padding:0 20px}.acf-custom-block.acf-block-rmgwysiwyg .acf-block-wrap{max-width:550px;width:100%}.acf-custom-block.acf-block-rmgwysiwyg .columns{flex-direction:column;margin:0;padding:0}.acf-custom-block.acf-block-rmgwysiwyg .column{margin-bottom:50px}}@media only screen and (max-width:480px){.acf-custom-block.acf-block-rmgwysiwyg .acf-block-wrap{width:100%}.acf-custom-block.acf-block-rmgwysiwyg .column{margin-bottom:40px}}<\/style><div class=\"acf-block-rmgwysiwyg acf-custom-block align-default columns-0 vertical-align-top bg-none background-white text-light column-size-equal intro-align-left intro-padding-normal block-below-normal\" id=\"block_b793069e54dbd199a75f12b8f23d734d\">\n\t\t<div class=\"acf-block-wrap\">\n\t\t\t\t<div class=\"intro\">\n\t\t\t\t\t<h2>Das Wachstum von Tolomatic war stets von Innovationen, Verpflichtung und dem Erf\u00fcllen von Kundenerwartungen gepr\u00e4gt.<\/h2>\n\t\t\t\t <\/div> \t\t\t<\/div>\n\t\t<\/div>\n\n\n<div class=\"acf-block-rmgimagetext acf-custom-block align-wide bg-none background-white layout-image-right block-below-normal\" id=\"block_fe4e0fa04f6996a75ed510a30c0d9d9c\">\n\t\t<div class=\"acf-block-wrap\">\n\t\t\t\t<div class=\"content\">\n\t\t\t<div class=\"content-wrap\"><h3>Wir haben auf unsere Kunden geh\u00f6rt und Produkte entwickelt, die ihren Anforderungen entsprechen<\/h3>\n<p>Der Gr\u00fcnder von Tolomatic, Burton Toles, startete das Unternehmen mit einem Produkt namens Float-A-Shaft\u00ae, einem Winkelgetriebe, das so konzipiert wurde, dass es neben einer Metallwelle \u201eschwebt\u201c, um das Abf\u00fcllen von Mehls\u00e4cken in der Mehlherstellung effizienter zu machen. Burton Toles erkannte die Herausforderungen, mit denen sich andere Industrieausr\u00fcster und Hersteller konfrontiert sahen, und machte sich daran, L\u00f6sungen f\u00fcr andere Branchen zu entwickeln. Der Kabelzylinder \u2013 der erste kolbenstangenlose Zylinder \u2013 erf\u00fcllte damals die gleichen mechanischen Funktionen wie sperrige Stangen in Zylinderkonstruktionen, brauchte jedoch nur die H\u00e4lfte des Platzes und konnte abseits des Bewegungsbereichs positioniert werden. Tolomatic erreichte Bekanntheit als Innovator und wurde f\u00fchrend in der Fluidtechnikindustrie bei der Entwicklung von Produkten, die die spezifischen Anforderungen der Kunden erf\u00fcllten. Zu den Produkten f\u00fcr Energie\u00fcbertragung kamen industrielle Sattelbremsen und Kegelkupplungen hinzu.<\/p>\n<\/div>\n\t\t<\/div>\n\t\t\t\t\t<div class=\"image\"><img loading=\"lazy\" decoding=\"async\" width=\"600\" height=\"510\" src=\"https:\/\/dev.tolomatic.com\/wp-content\/uploads\/2022\/03\/history-fas-cc-600px.png\" class=\"attachment-content-image size-content-image\" alt=\"\" srcset=\"https:\/\/dev.tolomatic.com\/wp-content\/uploads\/2022\/03\/history-fas-cc-600px.png 600w, https:\/\/dev.tolomatic.com\/wp-content\/uploads\/2022\/03\/history-fas-cc-600px-300x255.png 300w\" sizes=\"auto, (max-width: 600px) 100vw, 600px\" \/><\/div>\t\t\t\t\t\n\t\t\t\t\t<\/div>\n\t\t<\/div>\n\n<div class=\"acf-block-rmgimagetext acf-custom-block align-wide bg-none background-white layout-image-left block-below-normal\" id=\"block_43382df476c44ceeb0d01a9f0b21f9fb\">\n\t\t<div class=\"acf-block-wrap\">\n\t\t\t\t<div class=\"content\">\n\t\t\t<div class=\"content-wrap\"><h3>Erweiterung der pneumatischen Produkte um innovative Ausf\u00fchrungen<\/h3>\n<p>Tolomatic entwickelte eine komplett neue Linie kolbenstangenloser Produkte, deren Anfang die patentierte Bauweise des Bandzylinders machte. Die kolbenstangenlosen Zylinder mit Lasttragf\u00e4higkeit und effizienterer Kontrolle von Auswirkungen von Momentlasten, erm\u00f6glichten Platzeinsparungen und Tragkapazit\u00e4ten. Zus\u00e4tzlich zur Bandzylinder-Technologie wurde Tolomatic zum einzigen Hersteller, der alle vier Typen kolbenstangenloser Stellantrieben anbieten konnte \u2013 Kabel-, Band- und magnetgekoppelte Zylinder und Schieber.<\/p>\n<\/div>\n\t\t<\/div>\n\t\t\t\t\t<div class=\"image\"><img loading=\"lazy\" decoding=\"async\" width=\"600\" height=\"466\" src=\"https:\/\/dev.tolomatic.com\/wp-content\/uploads\/2022\/03\/pneumatic-family_7201-600px-v1.jpg\" class=\"attachment-content-image size-content-image\" alt=\"\" srcset=\"https:\/\/dev.tolomatic.com\/wp-content\/uploads\/2022\/03\/pneumatic-family_7201-600px-v1.jpg 600w, https:\/\/dev.tolomatic.com\/wp-content\/uploads\/2022\/03\/pneumatic-family_7201-600px-v1-300x233.jpg 300w\" sizes=\"auto, (max-width: 600px) 100vw, 600px\" \/><\/div>\t\t\t\t\t\n\t\t\t\t\t<\/div>\n\t\t<\/div>\n\n<div class=\"acf-block-rmgimagetext acf-custom-block align-wide bg-none background-white layout-image-right block-below-normal\" id=\"block_0a88806187197006bf3500e6dc822bd3\">\n\t\t<div class=\"acf-block-wrap\">\n\t\t\t\t<div class=\"content\">\n\t\t\t<div class=\"content-wrap\"><h3>Erstellung einer neuen Linie elektrischer Produkte zur Verbesserungen von Herstellungseffizienzen<\/h3>\n<p>Da in den Fertigungsprozessen weiterhin Bedarf an schlankeren und effizienteren M\u00f6glichkeiten zur Automatisierung manueller Prozesse bestand, begannen die Hersteller, elektrische Antriebe f\u00fcr Energieeinsparungen und reduzierte Wartungsarbeiten einzusetzen. Tolomatic setzte sich mit seinen Kunden auseinander und entwickelte eine neue Linie elektrischer Stellantriebe, die Technologien f\u00fcr spindel- und riemengetriebener Ausf\u00fchrungen sowohl mit als auch ohne Kolbenstangen umfasste. Es blieb jedoch nicht bei den elektrischen Antrieben. Eine neue Reihe von Antrieben, Steuerungen und Motoren wurde entwickelt, die f\u00fcr eine einfach zu bedienende, vollst\u00e4ndige lineare Bewegungssteuerung mit jedem elektrischen Antrieb von Tolomatic kombiniert werden k\u00f6nnen. <\/p>\n<\/div>\n\t\t<\/div>\n\t\t\t\t\t<div class=\"image\"><img loading=\"lazy\" decoding=\"async\" width=\"600\" height=\"600\" src=\"https:\/\/dev.tolomatic.com\/wp-content\/uploads\/2022\/07\/history-elec-over-1.png\" class=\"attachment-content-image size-content-image\" alt=\"\" srcset=\"https:\/\/dev.tolomatic.com\/wp-content\/uploads\/2022\/07\/history-elec-over-1.png 600w, https:\/\/dev.tolomatic.com\/wp-content\/uploads\/2022\/07\/history-elec-over-1-300x300.png 300w, https:\/\/dev.tolomatic.com\/wp-content\/uploads\/2022\/07\/history-elec-over-1-100x100.png 100w, https:\/\/dev.tolomatic.com\/wp-content\/uploads\/2022\/07\/history-elec-over-1-150x150.png 150w\" sizes=\"auto, (max-width: 600px) 100vw, 600px\" \/><\/div>\t\t\t\t\t\n\t\t\t\t\t<\/div>\n\t\t<\/div>\n\n<div class=\"acf-block-rmgimagetext acf-custom-block align-wide bg-none background-white layout-image-left block-below-normal\" id=\"block_33bebf9af5371178dabe0cb206399ad1\">\n\t\t<div class=\"acf-block-wrap\">\n\t\t\t\t<div class=\"content\">\n\t\t\t<div class=\"content-wrap\"><h3>Integration der Servomotor-Technologie in elektrische Stellantriebe f\u00fcr eine bessere Leistung<\/h3>\n<p>Einige industrielle Anwendungen erforderten anspruchsvollere Bewegungssteuerungen, und um diesen Anforderungen gerecht zu werden, begann Tolomatic, innovativere Produkte zu entwickeln. Diese kombinierten Servomotor-, Servoantriebs- und Servosteuerungstechnologie in elektrischen Stellantrieben und erreichten so au\u00dfergew\u00f6hnliche Leistung und beanspruchten weniger Platz in Fertigungsanlagen. Der ICR SmartActuator\u00ae wurde eingef\u00fchrt und die Motor\/Antriebs\/Regler-Komponente konnte ab sofort mit jedem Tolomatic-Stellantrieb verwendet werden, um ein umfassendes Bewegungskontrollsystem zu schaffen. F\u00fcr die Tolomatic ServoWeld\u00ae Stellantriebe wurde Servomotortechnologie mit Schwerpunkt auf den spezifischen Anforderungen des Roboter-Widerstandspunktschwei\u00dfens in der Automobilindustrie eingesetzt, um die Fertigungsgeschwindigkeit, Qualit\u00e4t und Sicherheit in der Fahrzeugproduktion zu erh\u00f6hen. <\/p>\n<\/div>\n\t\t<\/div>\n\t\t\t\t\t<div class=\"image\"><img loading=\"lazy\" decoding=\"async\" width=\"600\" height=\"600\" src=\"https:\/\/dev.tolomatic.com\/wp-content\/uploads\/2022\/07\/history-elec-over-2.png\" class=\"attachment-content-image size-content-image\" alt=\"\" srcset=\"https:\/\/dev.tolomatic.com\/wp-content\/uploads\/2022\/07\/history-elec-over-2.png 600w, https:\/\/dev.tolomatic.com\/wp-content\/uploads\/2022\/07\/history-elec-over-2-300x300.png 300w, https:\/\/dev.tolomatic.com\/wp-content\/uploads\/2022\/07\/history-elec-over-2-100x100.png 100w, https:\/\/dev.tolomatic.com\/wp-content\/uploads\/2022\/07\/history-elec-over-2-150x150.png 150w\" sizes=\"auto, (max-width: 600px) 100vw, 600px\" \/><\/div>\t\t\t\t\t\n\t\t\t\t\t<\/div>\n\t\t<\/div>\n\n<div class=\"acf-block-rmgimagetext acf-custom-block align-wide bg-none background-white layout-image-right block-below-normal\" id=\"block_04d63d4a1912f5e25982123c67cc4d74\">\n\t\t<div class=\"acf-block-wrap\">\n\t\t\t\t<div class=\"content\">\n\t\t\t<div class=\"content-wrap\"><h3>Wir entwickeln weiterhin speziell angefertigte Stellantriebe f\u00fcr Kundenanwendungen<\/h3>\n<p>Bisweilen sind besondere Automatisierungsanforderungen vorhanden, die Bewegung von einem Ger\u00e4t erfordert, das kein Standardprodukt ist. Um diese spezifischen Kundenanforderungen erf\u00fcllen zu k\u00f6nnen, verf\u00fcgt Tolomatic \u00fcber ein erfahrenes Team von Ingenieuren sowie eine eigene Modellwerkstatt und Testeinrichtung.Sie sorgen f\u00fcr schnelle Durchlaufzeiten bei Prototypen und sichern die Produktleistung.<\/p>\n<\/div>\n\t\t<\/div>\n\t\t\t\t\t<div class=\"image\"><img loading=\"lazy\" decoding=\"async\" width=\"500\" height=\"345\" src=\"https:\/\/dev.tolomatic.com\/wp-content\/uploads\/2022\/03\/customsolutions.gif\" class=\"attachment-content-image size-content-image\" alt=\"\" \/><\/div>\t\t\t\t\t\n\t\t\t\t\t<\/div>\n\t\t<\/div>\n\n<div class=\"acf-block-rmgimagetext acf-custom-block align-wide bg-none background-white layout-image-left block-below-normal\" id=\"block_918b4b1a833d9248487a4fdfe2b543f0\">\n\t\t<div class=\"acf-block-wrap\">\n\t\t\t\t<div class=\"content\">\n\t\t\t<div class=\"content-wrap\"><h3>Tolomatic investiert regelm\u00e4\u00dfig, um wettbewerbsf\u00e4hig zu bleiben<\/h3>\n<p>Es spielt keine Rolle wie gut Ihr Produkt ist, wenn es nicht dorthin gelangt, wo der Kunde es braucht. In den vergangenen Jahren hat Tolomatic viel investiert, um Prozesse und Mitarbeiter vor Ort zu bringen, die die Arbeit richtig und p\u00fcnktlich erledigen. In der aktuellen 100.000 Quadratmeter gro\u00dfen Anlage sind Betriebsabl\u00e4ufe und schlanke Produktionsverfahren untergebracht, die nach ISO 9001:2015 zertifiziert sind. Zur Sicherstellung der Konformit\u00e4t werden alle sechs Monate Audits durchgef\u00fchrt. <\/p>\n<\/div>\n\t\t<\/div>\n\t\t\t\t\t<div class=\"image\"><img loading=\"lazy\" decoding=\"async\" width=\"860\" height=\"600\" src=\"https:\/\/dev.tolomatic.com\/wp-content\/uploads\/2022\/07\/history-innovation.png\" class=\"attachment-content-image size-content-image\" alt=\"\" srcset=\"https:\/\/dev.tolomatic.com\/wp-content\/uploads\/2022\/07\/history-innovation.png 860w, https:\/\/dev.tolomatic.com\/wp-content\/uploads\/2022\/07\/history-innovation-600x419.png 600w, https:\/\/dev.tolomatic.com\/wp-content\/uploads\/2022\/07\/history-innovation-300x209.png 300w, https:\/\/dev.tolomatic.com\/wp-content\/uploads\/2022\/07\/history-innovation-768x536.png 768w\" sizes=\"auto, (max-width: 860px) 100vw, 860px\" \/><\/div>\t\t\t\t\t\n\t\t\t\t\t<\/div>\n\t\t<\/div>\n\n<div class=\"acf-block-rmgwysiwyg acf-custom-block align-default columns-0 vertical-align-top bg-none background-white text-light column-size-equal intro-align-left intro-padding-normal block-below-normal\" id=\"block_69743092bab5e5313a86a0d4abdfd35d\">\n\t\t<div class=\"acf-block-wrap\">\n\t\t\t\t<div class=\"intro\">\n\t\t\t\t\t<h2>Vertrauen Sie den innovativen Automatisierungsprodukten, der au\u00dfergew\u00f6hnlichen Qualit\u00e4t und den Serviceleistungen von Tolomatic.<\/h2>\n\t\t\t\t <\/div> \t\t\t<\/div>\n\t\t<\/div>\n","protected":false},"excerpt":{"rendered":"","protected":false},"author":1,"featured_media":0,"parent":1071,"menu_order":1,"comment_status":"closed","ping_status":"closed","template":"","meta":{"_acf_changed":false,"footnotes":""},"class_list":["post-11489","page","type-page","status-publish","hentry"],"acf":[],"_links":{"self":[{"href":"https:\/\/dev.tolomatic.com\/de\/wp-json\/wp\/v2\/pages\/11489","targetHints":{"allow":["GET"]}}],"collection":[{"href":"https:\/\/dev.tolomatic.com\/de\/wp-json\/wp\/v2\/pages"}],"about":[{"href":"https:\/\/dev.tolomatic.com\/de\/wp-json\/wp\/v2\/types\/page"}],"author":[{"embeddable":true,"href":"https:\/\/dev.tolomatic.com\/de\/wp-json\/wp\/v2\/users\/1"}],"replies":[{"embeddable":true,"href":"https:\/\/dev.tolomatic.com\/de\/wp-json\/wp\/v2\/comments?post=11489"}],"version-history":[{"count":0,"href":"https:\/\/dev.tolomatic.com\/de\/wp-json\/wp\/v2\/pages\/11489\/revisions"}],"up":[{"embeddable":true,"href":"https:\/\/dev.tolomatic.com\/de\/wp-json\/wp\/v2\/pages\/1071"}],"wp:attachment":[{"href":"https:\/\/dev.tolomatic.com\/de\/wp-json\/wp\/v2\/media?parent=11489"}],"curies":[{"name":"wp","href":"https:\/\/api.w.org\/{rel}","templated":true}]}}