{"id":19595,"date":"2022-04-08T01:01:28","date_gmt":"2022-04-08T01:01:28","guid":{"rendered":"https:\/\/dev.tolomatic.com\/unterstutzung\/how-to-specify\/"},"modified":"2023-07-10T14:33:26","modified_gmt":"2023-07-10T14:33:26","slug":"bestimmung","status":"publish","type":"page","link":"https:\/\/dev.tolomatic.com\/de\/unterstutzung\/bestimmung\/","title":{"rendered":"Bestimmung"},"content":{"rendered":"<style>.acf-custom-block.acf-block-rmgintrobanner{padding:60px 0;position:relative}@media only screen and (max-width:1180px){.acf-custom-block.acf-block-rmgintrobanner{padding:50px 0}}.acf-custom-block.acf-block-rmgintrobanner .content{max-width:750px;padding:20px 0 20px 150px}@media only screen and (max-width:1180px){.acf-custom-block.acf-block-rmgintrobanner .content{padding:0}}.acf-custom-block.acf-block-rmgintrobanner .content h1{color:#84cef3;margin-top:0;text-shadow:0 0 20px rgba(0,0,0,.3)}.acf-custom-block.acf-block-rmgintrobanner .content p{font-size:1.25rem}.acf-custom-block.acf-block-rmgintrobanner .content a.btn{margin-top:15px}.acf-custom-block.acf-block-rmgintrobanner.text-dark .content h1,.acf-custom-block.acf-block-rmgintrobanner.text-dark .content p{color:#2c3038}.acf-custom-block.acf-block-rmgintrobanner.text-light .content h1,.acf-custom-block.acf-block-rmgintrobanner.text-light .content p{color:#fff}.acf-custom-block.acf-block-rmgintrobanner.intro-align-center .content{margin:0 auto;padding:20px 100px;text-align:center}@media only screen and (max-width:1180px){.acf-custom-block.acf-block-rmgintrobanner.intro-align-center .content{padding:0}}.acf-custom-block.acf-block-rmgintrobanner.has-nav .content{padding-bottom:50px}@media only screen and (max-width:1180px){.acf-custom-block.acf-block-rmgintrobanner.has-nav .content{padding-bottom:0}}.acf-custom-block.acf-block-rmgintrobanner.bg-image:before{background-position:top}.acf-custom-block.acf-block-rmgintrobanner.background-bg-blue .content h1,.acf-custom-block.acf-block-rmgintrobanner.background-bg-blue .content p{color:#fff}.acf-custom-block.acf-block-rmgintrobanner.background-bg-light-blue .content h1,.acf-custom-block.acf-block-rmgintrobanner.background-bg-light-blue .content p{color:#2c3038}.acf-custom-block.acf-block-rmgintrobanner.intro-wide .content{max-width:100%}.acf-custom-block.acf-block-rmgintrobanner.block-below-none{padding-bottom:0}.intro-banner{margin:0 auto;max-width:1600px;position:relative}.intro-banner .secondary-nav{bottom:0;left:0;position:absolute;text-align:center;width:100%}.intro-banner .secondary-nav .acf-block-wrap{max-width:1600px;padding:0}.intro-banner .secondary-nav ul{display:inline-block;list-style:none;margin:0;padding:0;width:100%}.intro-banner .secondary-nav ul li{display:inline-block;vertical-align:bottom}.intro-banner .secondary-nav ul li a{background-color:hsla(0,0%,100%,.75);color:#0072a7;display:block;font-size:1.1rem;font-weight:700;margin:0 1px;padding:20px 40px;text-decoration:none}.intro-banner .secondary-nav ul li.active a{background-color:#fff;padding:21px 40px}@media only screen and (max-width:1180px){.intro-banner .secondary-nav{position:relative}.intro-banner .secondary-nav ul li{display:block;width:100%}.intro-banner .secondary-nav ul li a{border-bottom:1px solid #888;font-size:1.1rem;padding:15px}}@media only screen and (max-width:767px){.intro-banner .secondary-nav{position:relative}.intro-banner .secondary-nav ul li{display:block;width:100%}.intro-banner .secondary-nav ul li a{border-bottom:1px solid #888;font-size:1.1rem;padding:15px}}body.lang-de .intro-banner .secondary-nav ul li a{font-size:1rem;padding:20px}@media only screen and (max-width:1220px){body.lang-de .intro-banner .secondary-nav ul li a{font-size:.875rem;padding:14px 20px}body.lang-de .intro-banner .secondary-nav ul li.active a{padding:16px 20px}}<\/style>\t<div class=\"banner-breadcrumbs\"><ul class=\"breadcrumbs\"><li><a href=\"https:\/\/dev.tolomatic.com\/de\/\">Home<\/a><\/li><li><a href=\"https:\/\/dev.tolomatic.com\/de\/unterstutzung\/\">Unterst\u00fctzung<\/a><\/li><li>Bestimmung<\/li><\/ul><\/div>\n<div class=\"intro-banner\">\n\t<div class=\"acf-block-rmgintrobanner acf-custom-block align-full has-nav bg-image background-white text-light intro-align-left darken-background-0 block-below-normal\" id=\"block_30e76e330b7da0f9790323633433db6b\">\n\t\t\t\t<div class=\"acf-block-wrap\">\n\t\t\t<div class=\"content\">\n\t\t\t\t<h1>Bestimmung<\/h1>\t\t\t\t<p>Dieser Abschnitt hilft Ihnen dabei, die Abfolge der Antriebskonfiguration f\u00fcr pneumatische und elektrische Antriebe zu bestimmen.<\/p>\n\t\t\t<\/div>\t\t<\/div>\n\t\t\t\t\t\t\t<style>#block_30e76e330b7da0f9790323633433db6b:before {background-image: url(https:\/\/dev.tolomatic.com\/wp-content\/uploads\/2022\/04\/headerbn-inspection_097_pcd3547-v1-1024x509.jpg);}<\/style>\n\t\t\t<\/div>\n\t\t\t<div class=\"secondary-nav\">\n\t\t\t<div class=\"acf-block-wrap\">\n\t\t\t\t<ul><li ><a href=\"https:\/\/dev.tolomatic.com\/de\/unterstutzung\/bestimmung\/elektrische-produkte\/\" target=\"_self\" class=\"\">Elektrische Produkte<\/a><\/li><li ><a href=\"https:\/\/dev.tolomatic.com\/de\/unterstutzung\/bestimmung\/pneumatische-produkte\/\" target=\"_self\" class=\"\">Pneumatische Produkte<\/a><\/li><\/ul>\n\t\t\t<\/div>\n\t\t<\/div>\n\t<\/div>\n\n<style>.acf-custom-block.acf-block-rmgwysiwyg img{display:block;max-width:100%}.acf-custom-block.acf-block-rmgwysiwyg:first-of-type{padding-top:60px}.acf-custom-block.acf-block-rmgwysiwyg:last-of-type{padding-bottom:60px}.acf-custom-block.acf-block-rmgwysiwyg.vertical-align-middle .columns{align-items:center}.acf-custom-block.acf-block-rmgwysiwyg .intro{margin-bottom:40px}.acf-custom-block.acf-block-rmgwysiwyg .intro.width-wide{margin:0 auto 40px;max-width:900px}.acf-custom-block.acf-block-rmgwysiwyg .intro.width-narrow{margin:0 auto 40px;max-width:700px}@media only screen and (min-width:768px){.acf-custom-block.acf-block-rmgwysiwyg .columns{display:flex;flex:auto;margin:0 -24px}.acf-custom-block.acf-block-rmgwysiwyg .column{flex:1;margin:0 24px}.acf-custom-block.acf-block-rmgwysiwyg.columns-2.column-size-large-left .column:first-child{flex:2;padding-right:50px}.acf-custom-block.acf-block-rmgwysiwyg.columns-2.column-size-large-right .column:first-child{padding-right:50px}.acf-custom-block.acf-block-rmgwysiwyg.columns-2.column-size-large-right .column:last-child{flex:2}}@media only screen and (max-width:767px){.acf-custom-block.acf-block-rmgwysiwyg .intro{padding:0 20px}.acf-custom-block.acf-block-rmgwysiwyg .acf-block-wrap{max-width:550px;width:100%}.acf-custom-block.acf-block-rmgwysiwyg .columns{flex-direction:column;margin:0;padding:0}.acf-custom-block.acf-block-rmgwysiwyg .column{margin-bottom:50px}}@media only screen and (max-width:480px){.acf-custom-block.acf-block-rmgwysiwyg .acf-block-wrap{width:100%}.acf-custom-block.acf-block-rmgwysiwyg .column{margin-bottom:40px}}<\/style><div class=\"acf-block-rmgwysiwyg acf-custom-block align-default columns-1 vertical-align-top bg-none background-white text-light column-size-equal intro-align-left intro-padding-normal block-below-normal\" id=\"block_fd2ee19b3fcbd12898652e8f1eea1852\">\n\t\t<div class=\"acf-block-wrap\">\n\t\t\t\t<div class=\"intro\">\n\t\t\t\t\t<h2>Bestimmung der elektrischen und pneumatischen Antriebe von Tolomatic<\/h2>\n\t\t\t\t\t\t<p>Alle elektrischen und pneumatischen Antriebe von Tolomatic sind in zunehmenden Hubl\u00e4ngen erh\u00e4ltlich und k\u00f6nnen mit einer Vielzahl von Optionen konfiguriert werden. Auf diesen Seiten wird die Vielfalt der Optionen und Produktcodes erl\u00e4utert, die zur Vervollst\u00e4ndigung einer Antriebskonfiguration f\u00fcr jede Tolomatic-Antriebsserie verwendet werden. W\u00e4hlen Sie eine Registerkarte, um Konfigurationsinformationen f\u00fcr Linearantriebe von Tolomatic anzuzeigen.<\/p>\n\t\t <\/div> \t\t\t\t<div class=\"columns\">\n\t\t\t<div class=\"column\">\n\t\t\t\t\t\t\t<\/div>\n\t\t\t\t\t\t\t\t<\/div>\n\t\t\t<\/div>\n\t\t<\/div>\n","protected":false},"excerpt":{"rendered":"","protected":false},"author":1,"featured_media":0,"parent":19577,"menu_order":3,"comment_status":"closed","ping_status":"closed","template":"","meta":{"_acf_changed":false,"footnotes":""},"class_list":["post-19595","page","type-page","status-publish","hentry"],"acf":[],"_links":{"self":[{"href":"https:\/\/dev.tolomatic.com\/de\/wp-json\/wp\/v2\/pages\/19595","targetHints":{"allow":["GET"]}}],"collection":[{"href":"https:\/\/dev.tolomatic.com\/de\/wp-json\/wp\/v2\/pages"}],"about":[{"href":"https:\/\/dev.tolomatic.com\/de\/wp-json\/wp\/v2\/types\/page"}],"author":[{"embeddable":true,"href":"https:\/\/dev.tolomatic.com\/de\/wp-json\/wp\/v2\/users\/1"}],"replies":[{"embeddable":true,"href":"https:\/\/dev.tolomatic.com\/de\/wp-json\/wp\/v2\/comments?post=19595"}],"version-history":[{"count":0,"href":"https:\/\/dev.tolomatic.com\/de\/wp-json\/wp\/v2\/pages\/19595\/revisions"}],"up":[{"embeddable":true,"href":"https:\/\/dev.tolomatic.com\/de\/wp-json\/wp\/v2\/pages\/19577"}],"wp:attachment":[{"href":"https:\/\/dev.tolomatic.com\/de\/wp-json\/wp\/v2\/media?parent=19595"}],"curies":[{"name":"wp","href":"https:\/\/api.w.org\/{rel}","templated":true}]}}