{"id":19622,"date":"2022-04-08T01:02:00","date_gmt":"2022-04-08T06:02:00","guid":{"rendered":"https:\/\/dev.tolomatic.com\/unterstutzung\/application-worksheets\/"},"modified":"2025-12-17T15:17:38","modified_gmt":"2025-12-17T21:17:38","slug":"anwendungschecklisten","status":"publish","type":"page","link":"https:\/\/dev.tolomatic.com\/de\/unterstutzung\/anwendungschecklisten\/","title":{"rendered":"Anwendungschecklisten"},"content":{"rendered":"<style>.acf-custom-block.acf-block-rmgintrobanner{padding:60px 0;position:relative}@media only screen and (max-width:1180px){.acf-custom-block.acf-block-rmgintrobanner{padding:50px 0}}.acf-custom-block.acf-block-rmgintrobanner .content{max-width:750px;padding:20px 0 20px 150px}@media only screen and (max-width:1180px){.acf-custom-block.acf-block-rmgintrobanner .content{padding:0}}.acf-custom-block.acf-block-rmgintrobanner .content h1{color:#84cef3;margin-top:0;text-shadow:0 0 20px rgba(0,0,0,.3)}.acf-custom-block.acf-block-rmgintrobanner .content p{font-size:1.25rem}.acf-custom-block.acf-block-rmgintrobanner .content a.btn{margin-top:15px}.acf-custom-block.acf-block-rmgintrobanner.text-dark .content h1,.acf-custom-block.acf-block-rmgintrobanner.text-dark .content p{color:#2c3038}.acf-custom-block.acf-block-rmgintrobanner.text-light .content h1,.acf-custom-block.acf-block-rmgintrobanner.text-light .content p{color:#fff}.acf-custom-block.acf-block-rmgintrobanner.intro-align-center .content{margin:0 auto;padding:20px 100px;text-align:center}@media only screen and (max-width:1180px){.acf-custom-block.acf-block-rmgintrobanner.intro-align-center .content{padding:0}}.acf-custom-block.acf-block-rmgintrobanner.has-nav .content{padding-bottom:50px}@media only screen and (max-width:1180px){.acf-custom-block.acf-block-rmgintrobanner.has-nav .content{padding-bottom:0}}.acf-custom-block.acf-block-rmgintrobanner.bg-image:before{background-position:top}.acf-custom-block.acf-block-rmgintrobanner.background-bg-blue .content h1,.acf-custom-block.acf-block-rmgintrobanner.background-bg-blue .content p{color:#fff}.acf-custom-block.acf-block-rmgintrobanner.background-bg-light-blue .content h1,.acf-custom-block.acf-block-rmgintrobanner.background-bg-light-blue .content p{color:#2c3038}.acf-custom-block.acf-block-rmgintrobanner.intro-wide .content{max-width:100%}.acf-custom-block.acf-block-rmgintrobanner.block-below-none{padding-bottom:0}.intro-banner{margin:0 auto;max-width:1600px;position:relative}.intro-banner .secondary-nav{bottom:0;left:0;position:absolute;text-align:center;width:100%}.intro-banner .secondary-nav .acf-block-wrap{max-width:1600px;padding:0}.intro-banner .secondary-nav ul{display:inline-block;list-style:none;margin:0;padding:0;width:100%}.intro-banner .secondary-nav ul li{display:inline-block;vertical-align:bottom}.intro-banner .secondary-nav ul li a{background-color:hsla(0,0%,100%,.75);color:#0072a7;display:block;font-size:1.1rem;font-weight:700;margin:0 1px;padding:20px 40px;text-decoration:none}.intro-banner .secondary-nav ul li.active a{background-color:#fff;padding:21px 40px}@media only screen and (max-width:1180px){.intro-banner .secondary-nav{position:relative}.intro-banner .secondary-nav ul li{display:block;width:100%}.intro-banner .secondary-nav ul li a{border-bottom:1px solid #888;font-size:1.1rem;padding:15px}}@media only screen and (max-width:767px){.intro-banner .secondary-nav{position:relative}.intro-banner .secondary-nav ul li{display:block;width:100%}.intro-banner .secondary-nav ul li a{border-bottom:1px solid #888;font-size:1.1rem;padding:15px}}body.lang-de .intro-banner .secondary-nav ul li a{font-size:1rem;padding:20px}@media only screen and (max-width:1220px){body.lang-de .intro-banner .secondary-nav ul li a{font-size:.875rem;padding:14px 20px}body.lang-de .intro-banner .secondary-nav ul li.active a{padding:16px 20px}}<\/style>\t<div class=\"banner-breadcrumbs\"><ul class=\"breadcrumbs\"><li><a href=\"https:\/\/dev.tolomatic.com\/de\/\">Home<\/a><\/li><li><a href=\"https:\/\/dev.tolomatic.com\/de\/unterstutzung\/\">Unterst\u00fctzung<\/a><\/li><li>Anwendungschecklisten<\/li><\/ul><\/div>\n<div class=\"intro-banner\">\n\t<div class=\"acf-block-rmgintrobanner acf-custom-block align-full bg-image background-white text-light intro-align-left darken-background-0 block-below-normal intro-wide\" id=\"block_9f05f830865afd9b2d5e11eb61735ee4\">\n\t\t\t\t<div class=\"acf-block-wrap\">\n\t\t\t<div class=\"content\">\n\t\t\t\t<h1>Anwendungschecklisten<\/h1>\t\t\t\t<p>Die Produktauswahl f\u00fcr eine bestimmte Anwendung kann komplex sein. Es wird dringend empfohlen, dass Sie sich an Tolomatic oder einen autorisierten Tolomatic-Vertriebspartner wenden, um Unterst\u00fctzung bei der Auswahl zu erhalten.Klicken Sie auf die unten stehenden Links, um ein Antragsdaten-Checklistenformular auszuf\u00fcllen und es unserer Verkaufsabteilung zu \u00fcbermitteln, um Sie bei der Auswahl des besten Produkts f\u00fcr Ihre Anwendung zu unterst\u00fctzen.<\/p>\n\t\t\t<\/div>\t\t<\/div>\n\t\t\t\t\t\t\t<style>#block_9f05f830865afd9b2d5e11eb61735ee4:before {background-image: url(https:\/\/dev.tolomatic.com\/wp-content\/uploads\/2022\/07\/headerbannerappchecklist-1024x513.gif);}<\/style>\n\t\t\t<\/div>\n\t<\/div>\n\n<style>.acf-custom-block.acf-block-rmgaccordion.layout-wide .faqs{margin:0 auto;max-width:1150px}.acf-custom-block.acf-block-rmgaccordion.layout-narrow .faqs{margin:0 auto;max-width:900px}.acf-custom-block.acf-block-rmgaccordion.type-image .faqs h2,.acf-custom-block.acf-block-rmgaccordion.type-image .faqs h3,.acf-custom-block.acf-block-rmgaccordion.type-image .faqs h4{margin-top:40px}.acf-custom-block.acf-block-rmgaccordion.type-image .faqs .faq img{background:#fff;max-width:100%;padding:10px}.acf-custom-block.acf-block-rmgaccordion.type-image .faqs .faq .faq-content{padding:0}.acf-custom-block.acf-block-rmgaccordion.type-image .faqs .faq .faq-title{margin-top:0}.acf-custom-block.acf-block-rmgaccordion.sec-style .faqs{padding-bottom:20px}.acf-custom-block.acf-block-rmgaccordion.sec-style .faqs .faq{background:#fff;border-top:1px solid #84cef3;margin:0}.acf-custom-block.acf-block-rmgaccordion.sec-style .faqs .faq:last-child{border-bottom:1px solid #84cef3}.acf-custom-block.acf-block-rmgaccordion.sec-style .faqs .faq .faq-title{font-size:1.25rem;line-height:2.125rem;padding-left:45px}.acf-custom-block.acf-block-rmgaccordion.sec-style .faqs .faq .faq-title:before{border-color:#0072a7;color:#0072a7;font-size:1.5rem;font-weight:400;line-height:1.5rem;padding:2px 9px 4px}.acf-custom-block.acf-block-rmgaccordion.sec-style .faqs .faq.expanded .faq-title:before{padding:1px 11px 5px}.acf-custom-block.acf-block-rmgaccordion.sec-style .faqs .faq .faq-content.images{display:flex;flex-direction:row-reverse;gap:50px;padding:20px 45px}.acf-custom-block.acf-block-rmgaccordion.sec-style .faqs .faq .faq-content.images .button-holder{flex:1}.acf-custom-block.acf-block-rmgaccordion.sec-style .faqs .faq .faq-content.links{padding-bottom:20px;padding-top:10px}.acf-custom-block.acf-block-rmgaccordion.sec-style .faqs .faq .faq-content.links ul{list-style:none;margin:0 0 0 20px;padding:0}.acf-custom-block.acf-block-rmgaccordion.sec-style .faqs .faq .faq-content.links ul li{padding:5px 0;position:relative}.acf-custom-block.acf-block-rmgaccordion.sec-style .faqs .faq .faq-content.links ul li:before{background:url(\/wp-content\/themes\/tolomatic\/assets\/dist\/img\/arrow-right.png) no-repeat;background-size:contain;content:\"\";height:20px;left:-22px;position:absolute;top:9px;width:12px}.acf-custom-block.acf-block-rmgaccordion.sec-style .faqs .faq .faq-content.links ul li a{font-size:1.25rem;text-decoration:none}.acf-custom-block.acf-block-rmgaccordion.sec-style .faqs .faq .faq-content.links ul li a:hover{text-decoration:underline}@media only screen and (max-width:1180px){.acf-custom-block.acf-block-rmgaccordion.sec-style .faqs .faq .faq-content.links ul li a{font-size:1rem}}.acf-custom-block.acf-block-rmgaccordion.sec-style .faqs .faq .faq-content.links .no-matches.hidden,.acf-custom-block.acf-block-rmgaccordion.sec-style .faqs .faq .faq-content.links ul li.hidden{display:none}@media only screen and (max-width:1180px){.acf-custom-block.acf-block-rmgaccordion.sec-style .faqs .faq .faq-content.images{display:block;padding:10px 0}.acf-custom-block.acf-block-rmgaccordion.sec-style .faqs .faq .faq-content.images img{height:auto;margin-top:5px;width:100%}}<\/style><div class=\"acf-block-rmgaccordion acf-custom-block align-wide layout-wide type-text intro-align-left\" id=\"block_62235baa10da5f4fcd364055aab2b679\">\n\t\t<div class=\"acf-block-wrap\">\n\t\t\t\t\t\t<div class=\"faqs\">\n\t\t\t\t\t\t\t\t\t\t\t<div class=\"faq\">\n\t\t\t\t<h4 class='faq-title'>Elektrischer Kolbenstangenantrieb \u2212 Anwendungscheckliste<\/h4>\n\t\t\t\t<div class='faq-content'><p><a href=\"https:\/\/dev.tolomatic.com\/support\/application-worksheets\/electric-rod-style-actuator-application-worksheet\/\">\u00dcbermitteln Sie Ihre Anwendungsspezifikationen mit der online verf\u00fcgbaren Anwendungscheckliste f\u00fcr den elektrischen Kolbenstangenantrieb an Tolomatic.<\/a><\/p>\n<p><a href=\"https:\/\/dev.tolomatic.com\/de\/infozentrum\/resource-details\/elektrischer-kolbenstangenantrieb-anwendungscheckliste-english-electric-rod-style-actuator-applic\/\">Anwendungscheckliste f\u00fcr den elektrischen Kolbenstangenantrieb im PDF-Format herunterladen.<\/a><\/p>\n<\/div>\n\t\t\t<\/div>\t\t\t\n\t\t\t\t\t\t\t\t\t<div class=\"faq\">\n\t\t\t\t<h4 class='faq-title'>Elektrischer Stellantrieb ohne Kolbenstange \u2013 Anwendungscheckliste<\/h4>\n\t\t\t\t<div class='faq-content'><p><a title=\"\u00dcbermitteln Sie Ihre Anwendungsspezifikationen mit der online verf\u00fcgbaren Anwendungscheckliste f\u00fcr den elektrischen Stellantrieb ohne Kolbenstange an Tolomatic\" href=\"https:\/\/dev.tolomatic.com\/support\/application-worksheets\/electric-rodless-actuator\/\">\u00dcbermitteln Sie Ihre Anwendungsspezifikationen mit der online verf\u00fcgbaren Anwendungscheckliste f\u00fcr den elektrischen Stellantrieb ohne Kolbenstange an Tolomatic. <\/a><\/p>\n<p><a href=\"https:\/\/dev.tolomatic.com\/de\/info-center\/resource-details\/electric-rodless-actuator-application-checklist\/\">Anwendungscheckliste f\u00fcr den elektrischen Stellantrieb ohne Kolbenstange im PDF-Format herunterladen<\/a><\/p>\n<\/div>\n\t\t\t<\/div>\t\t\t\n\t\t\t\t\t\t\t\t\t<div class=\"faq\">\n\t\t\t\t<h4 class='faq-title'>Austausch des Hydraulikzylinders \u2013 Anwendungscheckliste<\/h4>\n\t\t\t\t<div class='faq-content'><p id=\"tw-target-text\" class=\"tw-data-text tw-text-large tw-ta\" dir=\"ltr\" tabindex=\"-1\" role=\"text\" data-placeholder=\"Translation\" data-ved=\"2ahUKEwjGx_CBw8WRAxXIz_ACHWgVEaYQ3ewLegQIDBAX\" aria-label=\"Translated text: Online-Anwendungsformular f\u00fcr den Austausch von Hydraulikzylindern mit elektrischen Stangenantrieben: Senden Sie Ihre Anwendungsspezifikationen an Tolomatic.\"><a href=\"https:\/\/dev.tolomatic.com\/support\/application-worksheets\/hydraulic-cylinder-replacement-with-electric-rod-style-actuator-application-worksheet\/\" target=\"_blank\" rel=\"noopener\"><span class=\"Y2IQFc\" lang=\"de\">Online-Anwendungsformular f\u00fcr den Austausch von Hydraulikzylindern mit elektrischen Stangenantrieben: Senden Sie Ihre Anwendungsspezifikationen an Tolomatic.<\/span><\/a><\/p>\n<p id=\"tw-target-text\" class=\"tw-data-text tw-text-large tw-ta\" dir=\"ltr\" tabindex=\"-1\" role=\"text\" data-placeholder=\"Translation\" data-ved=\"2ahUKEwjGx_CBw8WRAxXIz_ACHWgVEaYQ3ewLegQIDBAX\" aria-label=\"Translated text: Anwendungsarbeitsblatt \u201eHydraulikzylinder-Austausch mit elektrischem Stangenaktuator\u201c (PDF) herunterladen\"><a href=\"https:\/\/dev.tolomatic.com\/info-center\/resource-details\/hydraulic-cylinder-replacement-worksheet\/\" target=\"_blank\" rel=\"noopener\"><span class=\"Y2IQFc\" lang=\"de\">Anwendungsarbeitsblatt \u201eHydraulikzylinder-Austausch mit elektrischem Stangenaktuator\u201c (PDF) herunterladen<\/span><\/a><\/p>\n<\/div>\n\t\t\t<\/div>\t\t\t\n\t\t\t\t\t\t\t\t\t<div class=\"faq\">\n\t\t\t\t<h4 class='faq-title'>Pneumatischer Stellantrieb \u2013 Anwendungscheckliste<\/h4>\n\t\t\t\t<div class='faq-content'><p><a title=\"\u00dcbermitteln Sie Ihre Anwendungsspezifikationen mit der online verf\u00fcgbaren Anwendungscheckliste f\u00fcr den pneumatischen Stellantrieb an Tolomatic\" href=\"https:\/\/dev.tolomatic.com\/support\/application-worksheets\/pneumatic-actuator\/\">\u00dcbermitteln Sie Ihre Anwendungsspezifikationen mit der online verf\u00fcgbaren Anwendungscheckliste f\u00fcr den pneumatischen Stellantrieb an Tolomatic.<\/a><\/p>\n<p><a href=\"https:\/\/dev.tolomatic.com\/de\/infozentrum\/resource-details\/pneumatic-actuator-application-checklist\/\">Anwendungscheckliste f\u00fcr den pneumatischen Stellantrieb im PDF-Format herunterladen<\/a><\/p>\n<\/div>\n\t\t\t<\/div>\t\t\t\n\t\t\t\t\t\t\t\t\t<div class=\"faq\">\n\t\t\t\t<h4 class='faq-title'>Winkelgetriebe \u2013 Anwendungscheckliste<\/h4>\n\t\t\t\t<div class='faq-content'><p><a title=\"\u00dcbermitteln Sie Ihre Anwendungsspezifikationen mit der online verf\u00fcgbaren Anwendungscheckliste f\u00fcr das Winkelgetriebe an Tolomatic\" href=\"https:\/\/dev.tolomatic.com\/support\/application-worksheets\/right-angle-gearbox\/\">\u00dcbermitteln Sie Ihre Anwendungsspezifikationen mit der online verf\u00fcgbaren Anwendungscheckliste f\u00fcr das Winkelgetriebe an Tolomatic.<\/a><\/p>\n<p><a href=\"https:\/\/dev.tolomatic.com\/de\/info-center\/resource-details\/gearbox-application-checklist\/\" target=\"_blank\" rel=\"noopener noreferrer\">Anwendungscheckliste f\u00fcr das Winkelgetriebe im PDF-Format herunterladen<\/a><\/p>\n<\/div>\n\t\t\t<\/div>\t\t\t\n\t\t\t\t\t\t\t\t\t<div class=\"faq\">\n\t\t\t\t<h4 class='faq-title'>Sattelscheibenbremse \u2013 Anwendungscheckliste<\/h4>\n\t\t\t\t<div class='faq-content'><p><a title=\"\u00dcbermitteln Sie Ihre Anwendungsspezifikationen mit der online verf\u00fcgbaren Anwendungscheckliste f\u00fcr die Sattelscheibenbremse an Tolomatic.\" href=\"https:\/\/dev.tolomatic.com\/support\/application-worksheets\/caliper-disc-brake\/\">\u00dcbermitteln Sie Ihre Anwendungsspezifikationen mit der online verf\u00fcgbaren Anwendungscheckliste f\u00fcr die Sattelscheibenbremse an Tolomatic.<\/a><\/p>\n<p><a href=\"https:\/\/dev.tolomatic.com\/de\/info-center\/resource-details\/caliper-disc-brake-application-checklist\/\" target=\"_blank\" rel=\"noopener noreferrer\">Anwendung\/support\/application-worksheets\/caliper-disc-brakescheckliste f\u00fcr die Sattelscheibenbremse im PDF-Format herunterladen<\/a><\/p>\n<\/div>\n\t\t\t<\/div>\t\t\t\n\t\t\t\t\t\t<\/div>\n\t<\/div>","protected":false},"excerpt":{"rendered":"","protected":false},"author":1,"featured_media":0,"parent":19577,"menu_order":4,"comment_status":"closed","ping_status":"closed","template":"","meta":{"_acf_changed":false,"footnotes":""},"class_list":["post-19622","page","type-page","status-publish","hentry"],"acf":[],"_links":{"self":[{"href":"https:\/\/dev.tolomatic.com\/de\/wp-json\/wp\/v2\/pages\/19622","targetHints":{"allow":["GET"]}}],"collection":[{"href":"https:\/\/dev.tolomatic.com\/de\/wp-json\/wp\/v2\/pages"}],"about":[{"href":"https:\/\/dev.tolomatic.com\/de\/wp-json\/wp\/v2\/types\/page"}],"author":[{"embeddable":true,"href":"https:\/\/dev.tolomatic.com\/de\/wp-json\/wp\/v2\/users\/1"}],"replies":[{"embeddable":true,"href":"https:\/\/dev.tolomatic.com\/de\/wp-json\/wp\/v2\/comments?post=19622"}],"version-history":[{"count":0,"href":"https:\/\/dev.tolomatic.com\/de\/wp-json\/wp\/v2\/pages\/19622\/revisions"}],"up":[{"embeddable":true,"href":"https:\/\/dev.tolomatic.com\/de\/wp-json\/wp\/v2\/pages\/19577"}],"wp:attachment":[{"href":"https:\/\/dev.tolomatic.com\/de\/wp-json\/wp\/v2\/media?parent=19622"}],"curies":[{"name":"wp","href":"https:\/\/api.w.org\/{rel}","templated":true}]}}