{"id":20033,"date":"2022-07-25T17:43:52","date_gmt":"2022-07-25T17:43:52","guid":{"rendered":"https:\/\/dev.tolomatic.com\/produkte\/was-spricht-fur-servoweld-antriebe\/was-spricht-fur-servoweld-antriebe-servoweld-actuators\/servoweld-vs-pneumatic\/"},"modified":"2023-07-10T20:10:59","modified_gmt":"2023-07-10T20:10:59","slug":"servoweld-vs-pneumatic","status":"publish","type":"page","link":"https:\/\/dev.tolomatic.com\/de\/produkte\/was-spricht-fur-servoweld-antriebe\/servoweld-vs-pneumatic\/","title":{"rendered":"Was spricht f\u00fcr ServoWeld\u00ae-Antriebe?\u00a0\u00bb\u00a0ServoWeld\u00ae vs. Pneumatic"},"content":{"rendered":"<style>.acf-custom-block.acf-block-rmgintrobanner{padding:60px 0;position:relative}@media only screen and (max-width:1180px){.acf-custom-block.acf-block-rmgintrobanner{padding:50px 0}}.acf-custom-block.acf-block-rmgintrobanner .content{max-width:750px;padding:20px 0 20px 150px}@media only screen and (max-width:1180px){.acf-custom-block.acf-block-rmgintrobanner .content{padding:0}}.acf-custom-block.acf-block-rmgintrobanner .content h1{color:#84cef3;margin-top:0;text-shadow:0 0 20px rgba(0,0,0,.3)}.acf-custom-block.acf-block-rmgintrobanner .content p{font-size:1.25rem}.acf-custom-block.acf-block-rmgintrobanner .content a.btn{margin-top:15px}.acf-custom-block.acf-block-rmgintrobanner.text-dark .content h1,.acf-custom-block.acf-block-rmgintrobanner.text-dark .content p{color:#2c3038}.acf-custom-block.acf-block-rmgintrobanner.text-light .content h1,.acf-custom-block.acf-block-rmgintrobanner.text-light .content p{color:#fff}.acf-custom-block.acf-block-rmgintrobanner.intro-align-center .content{margin:0 auto;padding:20px 100px;text-align:center}@media only screen and (max-width:1180px){.acf-custom-block.acf-block-rmgintrobanner.intro-align-center .content{padding:0}}.acf-custom-block.acf-block-rmgintrobanner.has-nav .content{padding-bottom:50px}@media only screen and (max-width:1180px){.acf-custom-block.acf-block-rmgintrobanner.has-nav .content{padding-bottom:0}}.acf-custom-block.acf-block-rmgintrobanner.bg-image:before{background-position:top}.acf-custom-block.acf-block-rmgintrobanner.background-bg-blue .content h1,.acf-custom-block.acf-block-rmgintrobanner.background-bg-blue .content p{color:#fff}.acf-custom-block.acf-block-rmgintrobanner.background-bg-light-blue .content h1,.acf-custom-block.acf-block-rmgintrobanner.background-bg-light-blue .content p{color:#2c3038}.acf-custom-block.acf-block-rmgintrobanner.intro-wide .content{max-width:100%}.acf-custom-block.acf-block-rmgintrobanner.block-below-none{padding-bottom:0}.intro-banner{margin:0 auto;max-width:1600px;position:relative}.intro-banner .secondary-nav{bottom:0;left:0;position:absolute;text-align:center;width:100%}.intro-banner .secondary-nav .acf-block-wrap{max-width:1600px;padding:0}.intro-banner .secondary-nav ul{display:inline-block;list-style:none;margin:0;padding:0;width:100%}.intro-banner .secondary-nav ul li{display:inline-block;vertical-align:bottom}.intro-banner .secondary-nav ul li a{background-color:hsla(0,0%,100%,.75);color:#0072a7;display:block;font-size:1.1rem;font-weight:700;margin:0 1px;padding:20px 40px;text-decoration:none}.intro-banner .secondary-nav ul li.active a{background-color:#fff;padding:21px 40px}@media only screen and (max-width:1180px){.intro-banner .secondary-nav{position:relative}.intro-banner .secondary-nav ul li{display:block;width:100%}.intro-banner .secondary-nav ul li a{border-bottom:1px solid #888;font-size:1.1rem;padding:15px}}@media only screen and (max-width:767px){.intro-banner .secondary-nav{position:relative}.intro-banner .secondary-nav ul li{display:block;width:100%}.intro-banner .secondary-nav ul li a{border-bottom:1px solid #888;font-size:1.1rem;padding:15px}}body.lang-de .intro-banner .secondary-nav ul li a{font-size:1rem;padding:20px}@media only screen and (max-width:1220px){body.lang-de .intro-banner .secondary-nav ul li a{font-size:.875rem;padding:14px 20px}body.lang-de .intro-banner .secondary-nav ul li.active a{padding:16px 20px}}<\/style>\t<div class=\"banner-breadcrumbs\"><ul class=\"breadcrumbs\"><li><a href=\"https:\/\/dev.tolomatic.com\/de\/\">Home<\/a><\/li><li><a href=\"https:\/\/dev.tolomatic.com\/de\/produkte\/\">Produkte<\/a><\/li><li><a href=\"https:\/\/dev.tolomatic.com\/de\/produkte\/was-spricht-fur-servoweld-antriebe\/\">Was spricht f\u00fcr ServoWeld\u00ae-Antriebe?<\/a><\/li><li>Was spricht f\u00fcr ServoWeld\u00ae-Antriebe?\u00a0\u00bb\u00a0ServoWeld\u00ae vs. Pneumatic<\/li><\/ul><\/div>\n<div class=\"intro-banner\">\n\t<div class=\"acf-block-rmgintrobanner acf-custom-block align-full has-nav bg-image background-white text-light intro-align-left darken-background-0 block-below-normal\" id=\"block_17bd4a8383faca0715e7f12ed11fddc5\">\n\t\t\t\t<div class=\"acf-block-wrap\">\n\t\t\t<div class=\"content\">\n\t\t\t\t<h1>ServoWeld\u00ae im Vergleich zu pneumatischen Antriebe<\/h1>\t\t\t\t<p>ServoWeld\u00ae hat viele Vorteile gegen\u00fcber pneumatischen Technologien, einschlie\u00dflich der Kraftwiederholbarkeit f\u00fcr eine h\u00f6here Qualit\u00e4t der Schwei\u00dfpunkte und weniger Wartung.<\/p>\n\t\t\t<\/div>\t\t<\/div>\n\t\t\t\t\t\t\t<style>#block_17bd4a8383faca0715e7f12ed11fddc5:before {background-image: url(https:\/\/dev.tolomatic.com\/wp-content\/uploads\/2022\/07\/headerbn-gswa-shopfloor_7367-1024x316.jpg);}<\/style>\n\t\t\t<\/div>\n\t\t\t<div class=\"secondary-nav\">\n\t\t\t<div class=\"acf-block-wrap\">\n\t\t\t\t<ul><li ><a href=\"https:\/\/dev.tolomatic.com\/de\/produkte\/was-spricht-fur-servoweld-antriebe\/was-spricht-fur-servoweld-antriebe-servoweld-actuators\/\" target=\"_self\" class=\"\">ServoWeld\u00ae-Antriebe<\/a><\/li><li ><a href=\"https:\/\/dev.tolomatic.com\/de\/produkte\/was-spricht-fur-servoweld-antriebe\/servoweld-vs-other-servos\/\" target=\"_self\" class=\"\">ServoWeld\u00ae im zu Anderen Servoantrieben<\/a><\/li><li class=\"active\"><a href=\"https:\/\/dev.tolomatic.com\/de\/produkte\/was-spricht-fur-servoweld-antriebe\/servoweld-vs-pneumatic\/\" target=\"_self\" class=\"\">ServoWeld\u00ae im Vergleich zu pneumatischen<\/a><\/li><li ><a href=\"https:\/\/dev.tolomatic.com\/de\/produkte\/was-spricht-fur-servoweld-antriebe\/robot-integration\/\" target=\"_self\" class=\"\">Roboterintegration<\/a><\/li><li ><a href=\"https:\/\/dev.tolomatic.com\/de\/produkte\/was-spricht-fur-servoweld-antriebe\/tested-results\/\" target=\"_self\" class=\"\">Test Ergebnisse<\/a><\/li><li ><a href=\"https:\/\/dev.tolomatic.com\/de\/produkte\/was-spricht-fur-servoweld-antriebe\/engineering-service\/\" target=\"_self\" class=\"\">Technik und Service<\/a><\/li><\/ul>\n\t\t\t<\/div>\n\t\t<\/div>\n\t<\/div>\n\n<style>.acf-custom-block.acf-block-rmgaccordion.layout-wide .faqs{margin:0 auto;max-width:1150px}.acf-custom-block.acf-block-rmgaccordion.layout-narrow .faqs{margin:0 auto;max-width:900px}.acf-custom-block.acf-block-rmgaccordion.type-image .faqs h2,.acf-custom-block.acf-block-rmgaccordion.type-image .faqs h3,.acf-custom-block.acf-block-rmgaccordion.type-image .faqs h4{margin-top:40px}.acf-custom-block.acf-block-rmgaccordion.type-image .faqs .faq img{background:#fff;max-width:100%;padding:10px}.acf-custom-block.acf-block-rmgaccordion.type-image .faqs .faq .faq-content{padding:0}.acf-custom-block.acf-block-rmgaccordion.type-image .faqs .faq .faq-title{margin-top:0}.acf-custom-block.acf-block-rmgaccordion.sec-style .faqs{padding-bottom:20px}.acf-custom-block.acf-block-rmgaccordion.sec-style .faqs .faq{background:#fff;border-top:1px solid #84cef3;margin:0}.acf-custom-block.acf-block-rmgaccordion.sec-style .faqs .faq:last-child{border-bottom:1px solid #84cef3}.acf-custom-block.acf-block-rmgaccordion.sec-style .faqs .faq .faq-title{font-size:1.25rem;line-height:2.125rem;padding-left:45px}.acf-custom-block.acf-block-rmgaccordion.sec-style .faqs .faq .faq-title:before{border-color:#0072a7;color:#0072a7;font-size:1.5rem;font-weight:400;line-height:1.5rem;padding:2px 9px 4px}.acf-custom-block.acf-block-rmgaccordion.sec-style .faqs .faq.expanded .faq-title:before{padding:1px 11px 5px}.acf-custom-block.acf-block-rmgaccordion.sec-style .faqs .faq .faq-content.images{display:flex;flex-direction:row-reverse;gap:50px;padding:20px 45px}.acf-custom-block.acf-block-rmgaccordion.sec-style .faqs .faq .faq-content.images .button-holder{flex:1}.acf-custom-block.acf-block-rmgaccordion.sec-style .faqs .faq .faq-content.links{padding-bottom:20px;padding-top:10px}.acf-custom-block.acf-block-rmgaccordion.sec-style .faqs .faq .faq-content.links ul{list-style:none;margin:0 0 0 20px;padding:0}.acf-custom-block.acf-block-rmgaccordion.sec-style .faqs .faq .faq-content.links ul li{padding:5px 0;position:relative}.acf-custom-block.acf-block-rmgaccordion.sec-style .faqs .faq .faq-content.links ul li:before{background:url(\/wp-content\/themes\/tolomatic\/assets\/dist\/img\/arrow-right.png) no-repeat;background-size:contain;content:\"\";height:20px;left:-22px;position:absolute;top:9px;width:12px}.acf-custom-block.acf-block-rmgaccordion.sec-style .faqs .faq .faq-content.links ul li a{font-size:1.25rem;text-decoration:none}.acf-custom-block.acf-block-rmgaccordion.sec-style .faqs .faq .faq-content.links ul li a:hover{text-decoration:underline}@media only screen and (max-width:1180px){.acf-custom-block.acf-block-rmgaccordion.sec-style .faqs .faq .faq-content.links ul li a{font-size:1rem}}.acf-custom-block.acf-block-rmgaccordion.sec-style .faqs .faq .faq-content.links .no-matches.hidden,.acf-custom-block.acf-block-rmgaccordion.sec-style .faqs .faq .faq-content.links ul li.hidden{display:none}@media only screen and (max-width:1180px){.acf-custom-block.acf-block-rmgaccordion.sec-style .faqs .faq .faq-content.images{display:block;padding:10px 0}.acf-custom-block.acf-block-rmgaccordion.sec-style .faqs .faq .faq-content.images img{height:auto;margin-top:5px;width:100%}}<\/style><div class=\"acf-block-rmgaccordion acf-custom-block align-wide layout-full type-image intro-align-left\" id=\"block_1c365aba1959056fb6d7d83a3cd8abfd\">\n\t\t<div class=\"acf-block-wrap\">\n\t\t\t\t\t\t<div class=\"faqs\">\n\t\t\t\t\t\t\t\t\t\t\t<div class=\"faq\">\n\t\t\t\t<h4 class='faq-title'>Branchenf\u00fchrender integrierter Servoantrieb<\/h4>\n\t\t\t\t<div class='faq-content'><p><img loading=\"lazy\" decoding=\"async\" class=\"alignnone size-large wp-image-20017\" src=\"https:\/\/dev.tolomatic.com\/wp-content\/uploads\/2022\/08\/servoweld-best-in-class-integrated-servo-actuator-1-1024x648.jpg\" alt=\"\" width=\"1024\" height=\"648\" srcset=\"https:\/\/dev.tolomatic.com\/wp-content\/uploads\/2022\/08\/servoweld-best-in-class-integrated-servo-actuator-1-1024x648.jpg 1024w, https:\/\/dev.tolomatic.com\/wp-content\/uploads\/2022\/08\/servoweld-best-in-class-integrated-servo-actuator-1-600x380.jpg 600w, https:\/\/dev.tolomatic.com\/wp-content\/uploads\/2022\/08\/servoweld-best-in-class-integrated-servo-actuator-1-300x190.jpg 300w, https:\/\/dev.tolomatic.com\/wp-content\/uploads\/2022\/08\/servoweld-best-in-class-integrated-servo-actuator-1-768x486.jpg 768w, https:\/\/dev.tolomatic.com\/wp-content\/uploads\/2022\/08\/servoweld-best-in-class-integrated-servo-actuator-1.jpg 1486w\" sizes=\"auto, (max-width: 1024px) 100vw, 1024px\" \/><\/p>\n<\/div>\n\t\t\t<\/div>\t\t\t\n\t\t\t\t\t\t\t\t\t<div class=\"faq\">\n\t\t\t\t<h4 class='faq-title'>Konkurrierende Technologien<\/h4>\n\t\t\t\t<div class='faq-content'><h3>Druckluftzylinder und Servoantriebe konkurrierender Hersteller sind nicht mit ServoWeld\u00ae vergleichbar<\/h3>\n<p><img loading=\"lazy\" decoding=\"async\" class=\"alignnone size-large wp-image-19995\" src=\"https:\/\/dev.tolomatic.com\/wp-content\/uploads\/2022\/08\/competing-servo-actuator-designs-1024x554.jpg\" alt=\"\" width=\"1024\" height=\"554\" srcset=\"https:\/\/dev.tolomatic.com\/wp-content\/uploads\/2022\/08\/competing-servo-actuator-designs-1024x554.jpg 1024w, https:\/\/dev.tolomatic.com\/wp-content\/uploads\/2022\/08\/competing-servo-actuator-designs-600x325.jpg 600w, https:\/\/dev.tolomatic.com\/wp-content\/uploads\/2022\/08\/competing-servo-actuator-designs-300x162.jpg 300w, https:\/\/dev.tolomatic.com\/wp-content\/uploads\/2022\/08\/competing-servo-actuator-designs-768x416.jpg 768w, https:\/\/dev.tolomatic.com\/wp-content\/uploads\/2022\/08\/competing-servo-actuator-designs.jpg 1462w\" sizes=\"auto, (max-width: 1024px) 100vw, 1024px\" \/><\/p>\n<\/div>\n\t\t\t<\/div>\t\t\t\n\t\t\t\t\t\t\t\t\t<div class=\"faq\">\n\t\t\t\t<h4 class='faq-title'>Vorteile von ServoWeld gegen\u00fcber pneumatischen Antrieben<\/h4>\n\t\t\t\t<div class='faq-content'><h3>Seit vielen Jahren entscheidet sich die WPS-Branche zunehmend f\u00fcr elektrische statt pneumatischer Antriebe.<\/h3>\n<p>Beim Wechsel zu einer vollelektrischen Produktion ist ServoWeld dank seiner Genauigkeit, Geschwindigkeit, Effizienz, Kraftwiederholbarkeit und der niedrigen Gesamtbetriebskosten die bevorzugte Wahl.<\/p>\n<p><img loading=\"lazy\" decoding=\"async\" class=\"alignnone size-large wp-image-20020\" src=\"https:\/\/dev.tolomatic.com\/wp-content\/uploads\/2022\/08\/servoweld-advantages-over-pneumatic-1024x610.jpg\" alt=\"\" width=\"1024\" height=\"610\" srcset=\"https:\/\/dev.tolomatic.com\/wp-content\/uploads\/2022\/08\/servoweld-advantages-over-pneumatic-1024x610.jpg 1024w, https:\/\/dev.tolomatic.com\/wp-content\/uploads\/2022\/08\/servoweld-advantages-over-pneumatic-600x357.jpg 600w, https:\/\/dev.tolomatic.com\/wp-content\/uploads\/2022\/08\/servoweld-advantages-over-pneumatic-300x179.jpg 300w, https:\/\/dev.tolomatic.com\/wp-content\/uploads\/2022\/08\/servoweld-advantages-over-pneumatic-768x457.jpg 768w, https:\/\/dev.tolomatic.com\/wp-content\/uploads\/2022\/08\/servoweld-advantages-over-pneumatic-1536x914.jpg 1536w, https:\/\/dev.tolomatic.com\/wp-content\/uploads\/2022\/08\/servoweld-advantages-over-pneumatic-1600x952.jpg 1600w, https:\/\/dev.tolomatic.com\/wp-content\/uploads\/2022\/08\/servoweld-advantages-over-pneumatic.jpg 1700w\" sizes=\"auto, (max-width: 1024px) 100vw, 1024px\" \/><\/p>\n<\/div>\n\t\t\t<\/div>\t\t\t\n\t\t\t\t\t\t\t\t\t<div class=\"faq\">\n\t\t\t\t<h4 class='faq-title'>Hochwertigere Schwei\u00dfn\u00e4hte und Flexibilit\u00e4t bei der Herstellung<\/h4>\n\t\t\t\t<div class='faq-content'><h3>Im Vergleich zu pneumatischen Antrieben bieten die ServoWeld\u00ae-Antriebe von Tolomatic WPS-Nutzern eine h\u00f6here Leistung.<\/h3>\n<h6>Hochwertigere Schwei\u00dfn\u00e4hte<\/h6>\n<ul>\n<li>Kraftreproduzierbarkeit f\u00fcr konsistente Schwei\u00dfn\u00e4hte<\/li>\n<li>\u201eSofttouch\u201c Positions- und Geschwindigkeitskontrolle f\u00fcr hohe Reproduzierbarkeit und geringeren Verschlei\u00df durch Vermeidung von starken Sto\u00dfkr\u00e4ften auf Teile und Schwei\u00dfzange<\/li>\n<li>Position und Kraft k\u00f6nnen f\u00fcr jede Schwei\u00dfnaht gespeichert werden<\/li>\n<li>Position und Daten von der Feedback-Vorrichtung k\u00f6nnen Aufschluss \u00fcber Schwei\u00dfkappenverschlei\u00df und dem Erkennungsverm\u00f6gen f\u00fcr Kappenverlust geben<\/li>\n<\/ul>\n<h6>Vollst\u00e4ndige Flexibilit\u00e4t bei der Herstellung<\/h6>\n<ul>\n<li>Durch den Einsatz von Schwei\u00df- oder Robotersteuerungen l\u00e4sst sich der ServoWeld-Antrieb einfach f\u00fcr Werkzeugwechsel oder neue Modelle programmieren<\/li>\n<li>Vorhandene Roboter mit 6 Achsen k\u00f6nnen mit verschiedenen ServoWeld-Antrieben nachger\u00fcstet werden, um s\u00e4mtliche Vorteile des Servo-Schwei\u00dfens zu nutzen.<\/li>\n<li>Der Betrieb kann mit den Bewegungen der Roboterachse koordiniert werden<\/li>\n<\/ul>\n<p><img loading=\"lazy\" decoding=\"async\" class=\"alignnone size-large wp-image-20025\" src=\"https:\/\/dev.tolomatic.com\/wp-content\/uploads\/2022\/08\/servo-welding-higher-quality-welds-1024x1022.jpg\" alt=\"\" width=\"1024\" height=\"1022\" srcset=\"https:\/\/dev.tolomatic.com\/wp-content\/uploads\/2022\/08\/servo-welding-higher-quality-welds-1024x1022.jpg 1024w, https:\/\/dev.tolomatic.com\/wp-content\/uploads\/2022\/08\/servo-welding-higher-quality-welds-300x300.jpg 300w, https:\/\/dev.tolomatic.com\/wp-content\/uploads\/2022\/08\/servo-welding-higher-quality-welds-100x100.jpg 100w, https:\/\/dev.tolomatic.com\/wp-content\/uploads\/2022\/08\/servo-welding-higher-quality-welds-600x599.jpg 600w, https:\/\/dev.tolomatic.com\/wp-content\/uploads\/2022\/08\/servo-welding-higher-quality-welds-150x150.jpg 150w, https:\/\/dev.tolomatic.com\/wp-content\/uploads\/2022\/08\/servo-welding-higher-quality-welds-768x766.jpg 768w, https:\/\/dev.tolomatic.com\/wp-content\/uploads\/2022\/08\/servo-welding-higher-quality-welds-1536x1532.jpg 1536w, https:\/\/dev.tolomatic.com\/wp-content\/uploads\/2022\/08\/servo-welding-higher-quality-welds-1600x1596.jpg 1600w, https:\/\/dev.tolomatic.com\/wp-content\/uploads\/2022\/08\/servo-welding-higher-quality-welds.jpg 1700w\" sizes=\"auto, (max-width: 1024px) 100vw, 1024px\" \/><\/p>\n<\/div>\n\t\t\t<\/div>\t\t\t\n\t\t\t\t\t\t\t\t\t<div class=\"faq\">\n\t\t\t\t<h4 class='faq-title'>Sch\u00e4tzung der Stromkosten<\/h4>\n\t\t\t\t<div class='faq-content'><p><img loading=\"lazy\" decoding=\"async\" class=\"alignnone size-full wp-image-20027\" src=\"https:\/\/dev.tolomatic.com\/wp-content\/uploads\/2022\/08\/calculating-power-cost-of-application.jpg\" alt=\"\" width=\"994\" height=\"696\" srcset=\"https:\/\/dev.tolomatic.com\/wp-content\/uploads\/2022\/08\/calculating-power-cost-of-application.jpg 994w, https:\/\/dev.tolomatic.com\/wp-content\/uploads\/2022\/08\/calculating-power-cost-of-application-600x420.jpg 600w, https:\/\/dev.tolomatic.com\/wp-content\/uploads\/2022\/08\/calculating-power-cost-of-application-300x210.jpg 300w, https:\/\/dev.tolomatic.com\/wp-content\/uploads\/2022\/08\/calculating-power-cost-of-application-768x538.jpg 768w\" sizes=\"auto, (max-width: 994px) 100vw, 994px\" \/><\/p>\n<\/div>\n\t\t\t<\/div>\t\t\t\n\t\t\t\t\t\t\t\t\t<div class=\"faq\">\n\t\t\t\t<h4 class='faq-title'>Kosten eines Luftlecks<\/h4>\n\t\t\t\t<div class='faq-content'><p><img loading=\"lazy\" decoding=\"async\" class=\"alignnone size-full wp-image-20029\" src=\"https:\/\/dev.tolomatic.com\/wp-content\/uploads\/2022\/08\/cost-of-air-leak.jpg\" alt=\"\" width=\"681\" height=\"713\" srcset=\"https:\/\/dev.tolomatic.com\/wp-content\/uploads\/2022\/08\/cost-of-air-leak.jpg 681w, https:\/\/dev.tolomatic.com\/wp-content\/uploads\/2022\/08\/cost-of-air-leak-600x628.jpg 600w, https:\/\/dev.tolomatic.com\/wp-content\/uploads\/2022\/08\/cost-of-air-leak-287x300.jpg 287w\" sizes=\"auto, (max-width: 681px) 100vw, 681px\" \/><\/p>\n<\/div>\n\t\t\t<\/div>\t\t\t\n\t\t\t\t\t\t<\/div>\n\t<\/div>","protected":false},"excerpt":{"rendered":"","protected":false},"author":1,"featured_media":0,"parent":19964,"menu_order":0,"comment_status":"closed","ping_status":"closed","template":"","meta":{"_acf_changed":false,"footnotes":""},"class_list":["post-20033","page","type-page","status-publish","hentry"],"acf":[],"_links":{"self":[{"href":"https:\/\/dev.tolomatic.com\/de\/wp-json\/wp\/v2\/pages\/20033","targetHints":{"allow":["GET"]}}],"collection":[{"href":"https:\/\/dev.tolomatic.com\/de\/wp-json\/wp\/v2\/pages"}],"about":[{"href":"https:\/\/dev.tolomatic.com\/de\/wp-json\/wp\/v2\/types\/page"}],"author":[{"embeddable":true,"href":"https:\/\/dev.tolomatic.com\/de\/wp-json\/wp\/v2\/users\/1"}],"replies":[{"embeddable":true,"href":"https:\/\/dev.tolomatic.com\/de\/wp-json\/wp\/v2\/comments?post=20033"}],"version-history":[{"count":0,"href":"https:\/\/dev.tolomatic.com\/de\/wp-json\/wp\/v2\/pages\/20033\/revisions"}],"up":[{"embeddable":true,"href":"https:\/\/dev.tolomatic.com\/de\/wp-json\/wp\/v2\/pages\/19964"}],"wp:attachment":[{"href":"https:\/\/dev.tolomatic.com\/de\/wp-json\/wp\/v2\/media?parent=20033"}],"curies":[{"name":"wp","href":"https:\/\/api.w.org\/{rel}","templated":true}]}}