{"id":20088,"date":"2022-07-25T18:09:59","date_gmt":"2022-07-25T18:09:59","guid":{"rendered":"https:\/\/dev.tolomatic.com\/privacy-policy\/"},"modified":"2022-08-13T00:52:22","modified_gmt":"2022-08-13T00:52:22","slug":"datenschutzrichtlinie","status":"publish","type":"page","link":"https:\/\/dev.tolomatic.com\/de\/datenschutzrichtlinie\/","title":{"rendered":"Datenschutzrichtlinie"},"content":{"rendered":"<style>.acf-custom-block.acf-block-rmgintrobanner{padding:60px 0;position:relative}@media only screen and (max-width:1180px){.acf-custom-block.acf-block-rmgintrobanner{padding:50px 0}}.acf-custom-block.acf-block-rmgintrobanner .content{max-width:750px;padding:20px 0 20px 150px}@media only screen and (max-width:1180px){.acf-custom-block.acf-block-rmgintrobanner .content{padding:0}}.acf-custom-block.acf-block-rmgintrobanner .content h1{color:#84cef3;margin-top:0;text-shadow:0 0 20px rgba(0,0,0,.3)}.acf-custom-block.acf-block-rmgintrobanner .content p{font-size:1.25rem}.acf-custom-block.acf-block-rmgintrobanner .content a.btn{margin-top:15px}.acf-custom-block.acf-block-rmgintrobanner.text-dark .content h1,.acf-custom-block.acf-block-rmgintrobanner.text-dark .content p{color:#2c3038}.acf-custom-block.acf-block-rmgintrobanner.text-light .content h1,.acf-custom-block.acf-block-rmgintrobanner.text-light .content p{color:#fff}.acf-custom-block.acf-block-rmgintrobanner.intro-align-center .content{margin:0 auto;padding:20px 100px;text-align:center}@media only screen and (max-width:1180px){.acf-custom-block.acf-block-rmgintrobanner.intro-align-center .content{padding:0}}.acf-custom-block.acf-block-rmgintrobanner.has-nav .content{padding-bottom:50px}@media only screen and (max-width:1180px){.acf-custom-block.acf-block-rmgintrobanner.has-nav .content{padding-bottom:0}}.acf-custom-block.acf-block-rmgintrobanner.bg-image:before{background-position:top}.acf-custom-block.acf-block-rmgintrobanner.background-bg-blue .content h1,.acf-custom-block.acf-block-rmgintrobanner.background-bg-blue .content p{color:#fff}.acf-custom-block.acf-block-rmgintrobanner.background-bg-light-blue .content h1,.acf-custom-block.acf-block-rmgintrobanner.background-bg-light-blue .content p{color:#2c3038}.acf-custom-block.acf-block-rmgintrobanner.intro-wide .content{max-width:100%}.acf-custom-block.acf-block-rmgintrobanner.block-below-none{padding-bottom:0}.intro-banner{margin:0 auto;max-width:1600px;position:relative}.intro-banner .secondary-nav{bottom:0;left:0;position:absolute;text-align:center;width:100%}.intro-banner .secondary-nav .acf-block-wrap{max-width:1600px;padding:0}.intro-banner .secondary-nav ul{display:inline-block;list-style:none;margin:0;padding:0;width:100%}.intro-banner .secondary-nav ul li{display:inline-block;vertical-align:bottom}.intro-banner .secondary-nav ul li a{background-color:hsla(0,0%,100%,.75);color:#0072a7;display:block;font-size:1.1rem;font-weight:700;margin:0 1px;padding:20px 40px;text-decoration:none}.intro-banner .secondary-nav ul li.active a{background-color:#fff;padding:21px 40px}@media only screen and (max-width:1180px){.intro-banner .secondary-nav{position:relative}.intro-banner .secondary-nav ul li{display:block;width:100%}.intro-banner .secondary-nav ul li a{border-bottom:1px solid #888;font-size:1.1rem;padding:15px}}@media only screen and (max-width:767px){.intro-banner .secondary-nav{position:relative}.intro-banner .secondary-nav ul li{display:block;width:100%}.intro-banner .secondary-nav ul li a{border-bottom:1px solid #888;font-size:1.1rem;padding:15px}}body.lang-de .intro-banner .secondary-nav ul li a{font-size:1rem;padding:20px}@media only screen and (max-width:1220px){body.lang-de .intro-banner .secondary-nav ul li a{font-size:.875rem;padding:14px 20px}body.lang-de .intro-banner .secondary-nav ul li.active a{padding:16px 20px}}<\/style>\t<div class=\"banner-breadcrumbs\"><ul class=\"breadcrumbs\"><li><a href=\"https:\/\/dev.tolomatic.com\/de\/\">Home<\/a><\/li><li>Datenschutzrichtlinie<\/li><\/ul><\/div>\n<div class=\"intro-banner\">\n\t<div class=\"acf-block-rmgintrobanner acf-custom-block align-full bg-color background-bg-blue text-light intro-align-left darken-background-0 block-below-normal\" id=\"block_62dedc5c275cb\">\n\t\t\t\t<div class=\"acf-block-wrap\">\n\t\t\t<div class=\"content\">\n\t\t\t\t<h1>Datenschutzrichtlini<\/h1>\t\t\t\t<p>Tolomatic beh\u00e4lt sich das Recht vor, diese Richtlinie jederzeit zu \u00e4ndern, und aktuelle \u00c4nderungen werden immer auf dieser Seite wiedergegeben.<\/p>\n\t\t\t<\/div>\t\t<\/div>\n\t\t\t\t\t<\/div>\n\t<\/div>\n\n<style>.acf-custom-block.acf-block-rmgwysiwyg img{display:block;max-width:100%}.acf-custom-block.acf-block-rmgwysiwyg:first-of-type{padding-top:60px}.acf-custom-block.acf-block-rmgwysiwyg:last-of-type{padding-bottom:60px}.acf-custom-block.acf-block-rmgwysiwyg.vertical-align-middle .columns{align-items:center}.acf-custom-block.acf-block-rmgwysiwyg .intro{margin-bottom:40px}.acf-custom-block.acf-block-rmgwysiwyg .intro.width-wide{margin:0 auto 40px;max-width:900px}.acf-custom-block.acf-block-rmgwysiwyg .intro.width-narrow{margin:0 auto 40px;max-width:700px}@media only screen and (min-width:768px){.acf-custom-block.acf-block-rmgwysiwyg .columns{display:flex;flex:auto;margin:0 -24px}.acf-custom-block.acf-block-rmgwysiwyg .column{flex:1;margin:0 24px}.acf-custom-block.acf-block-rmgwysiwyg.columns-2.column-size-large-left .column:first-child{flex:2;padding-right:50px}.acf-custom-block.acf-block-rmgwysiwyg.columns-2.column-size-large-right .column:first-child{padding-right:50px}.acf-custom-block.acf-block-rmgwysiwyg.columns-2.column-size-large-right .column:last-child{flex:2}}@media only screen and (max-width:767px){.acf-custom-block.acf-block-rmgwysiwyg .intro{padding:0 20px}.acf-custom-block.acf-block-rmgwysiwyg .acf-block-wrap{max-width:550px;width:100%}.acf-custom-block.acf-block-rmgwysiwyg .columns{flex-direction:column;margin:0;padding:0}.acf-custom-block.acf-block-rmgwysiwyg .column{margin-bottom:50px}}@media only screen and (max-width:480px){.acf-custom-block.acf-block-rmgwysiwyg .acf-block-wrap{width:100%}.acf-custom-block.acf-block-rmgwysiwyg .column{margin-bottom:40px}}<\/style><div class=\"acf-block-rmgwysiwyg acf-custom-block align-default columns-1 vertical-align-top bg-none background-white text-light column-size-equal intro-align-left intro-padding-normal block-below-normal\" id=\"block_62dedc79275cc\">\n\t\t<div class=\"acf-block-wrap\">\n\t\t\t\t\t\t\t\t<div class=\"columns\">\n\t\t\t<div class=\"column\">\n\t\t\t\t<h3><strong>Verpflichtung zum Schutz der Privatsph\u00e4re der Nutzer<\/strong><\/h3>\n<p>Tolomatic verpflichtet sich, Ihre Privatsph\u00e4re zu sch\u00fctzen. Einige Formulare auf unserer Website erfordern Kontaktinformationen, um von Ihnen angeforderte Dienstleistungen oder Informationen bereitzustellen. Die Informationen auf dieser Seite bieten eine klare Erkl\u00e4rung der Datenverarbeitungspraktiken von Tolomatic. Weitere Informationen finden Sie weiter unten.<\/p>\n<p>Wenn Sie weitere Informationen dar\u00fcber w\u00fcnschen, wie wir Ihre personenbezogenen Daten erheben, speichern oder nutzen, wenden Sie sich bitte an unsere Datenschutzbeauftragte.<\/p>\n<p>&nbsp;<\/p>\n<h3><strong>Datenschutzbeauftragte<\/strong><\/h3>\n<p>Diane Cedarberg<br \/>\n<a href=\"mailto:GDPRdpo@tolomatic.com\" target=\"_blank\" rel=\"noopener\">GDPRdpo@tolomatic.com<\/a><br \/>\nTolomatic, Inc.<br \/>\n3800 County Road 116<br \/>\nHamel, MN 55340<br \/>\n763-296-7745<\/p>\n<p>&nbsp;<\/p>\n<h3>\u00dcber uns<\/h3>\n<p>Seit 1954 fertigt Tolomatic innovative Automatisierungskomponenten.Tolomatic ist spezialisiert auf elektrische Linearantriebe, pneumatische Antriebe ohne Kolbenstange und auf Winkelgetriebe. Der Hauptsitz von Tolomatic und die Produktionsst\u00e4tte in den USA befinden sich in Hamel, Minnesota. Dar\u00fcber hinaus verf\u00fcgt Tolomatic \u00fcber eine Produktionsst\u00e4tte in Suzhou, China, um unseren chinesischen Kundenstamm zu unterst\u00fctzen, und \u00fcber ein europ\u00e4isches B\u00fcro in Deutschland.<br \/>\n<a href=\"https:\/\/dev.tolomatic.com\/about-us\/\" target=\"_blank\" rel=\"noopener\">Erfahren Sie mehr \u00fcber Tolomatic.<\/a><\/p>\n<p>&nbsp;<\/p>\n<h3>Erhobene Daten und der Grund f\u00fcr die Erhebung<\/h3>\n<p>Die von Ihnen angegebenen pers\u00f6nlichen Daten werden nur f\u00fcr legitime Gesch\u00e4ftszwecke verwendet. Dazu geh\u00f6rt: die Bearbeitung von Anmeldungen oder Anfragen; die Information \u00fcber neue Veranstaltungen, Produkte oder Angebote; und das Bieten des bestm\u00f6glichen Service. Tolomatic wird die Rechte hinsichtlich Ihrer personenbezogenen Daten stets achten und respektieren.<\/p>\n<p>Alle Angaben, die Sie uns machen, sind freiwillig. Wenn Sie uns jedoch keine Informationen zur Verf\u00fcgung stellen, k\u00f6nnen wir Ihre Anmeldung oder Anfrage m\u00f6glicherweise nicht bearbeiten. Alle von Ihnen gemachten Angaben werden streng vertraulich behandelt.<\/p>\n<p><strong>Wir erheben nur die personenbezogenen Daten, die f\u00fcr die oben genannten Zwecke notwendig sind. Es umfasst Folgendes\u00a0<\/strong><br \/>\n(ist jedoch nicht beschr\u00e4nkt darauf):<\/p>\n<p><strong>Vollst\u00e4ndiger Name und Stellenbezeichnung<\/strong><br \/>\n<strong>Firmenname und Adresse<\/strong><br \/>\n<strong>Telefon- und Faxnummer<\/strong><br \/>\n<strong>E-Mail-Adresse<\/strong><br \/>\n<strong>Interessengebiete und Pr\u00e4ferenzen<\/strong><\/p>\n<p>Tolomatic vertreibt seine Produkte sowohl direkt als auch \u00fcber autorisierte H\u00e4ndler. Ihre Daten k\u00f6nnen an den entsprechenden autorisierten H\u00e4ndler weitergegeben werden, um Ihre Anfrage zu bearbeiten. Tolomatic wird Ihre Daten niemals an Drittanbieter verkaufen.<\/p>\n<p>&nbsp;<\/p>\n<h3>Verwendung von Cookies und Protokolldateien<\/h3>\n<p>Unsere Website nutzt Google Remarketing und als Besucher unserer Website k\u00f6nnen Ihre Daten wie folgt verwendet werden. Wenn Sie es Google erm\u00f6glicht haben, Ihren Web- und App-Browserverlauf mit Ihrem Google-Konto zu verkn\u00fcpfen, und diese Informationen zur Personalisierung von Anzeigen verwendet werden, die Sie im gesamten Web sehen, verwendet Google diese Informationen zusammen mit unseren Google-Analytics-Daten, um Zielgruppenlisten f\u00fcr ger\u00e4te\u00fcbergreifendes (Telefon, Tablets, Computer) Remarketing zu erstellen und zu definieren. Um diese Funktion zu unterst\u00fctzen, sammelt Google Analytics Ihre von Google authentifizierten Identifikatoren, also die personenbezogenen Daten von Google, und f\u00fcgt sie vor\u00fcbergehend unseren Google-Analytics-Daten hinzu, um unser Publikum zu erreichen. Wenn Sie unsere Website besuchen, kann au\u00dferdem ein Cookie (eine sehr kleine Textdatei) auf Ihrem Ger\u00e4t abgelegt werden. Wenn Sie dies akzeptieren, wird das Cookie verwendet, um Ihr Erlebnis zu personalisieren und um Besucherstatistiken zu sammeln. Sie k\u00f6nnen Cookies ablehnen, wenn Sie m\u00f6chten. Dazu m\u00fcssen Sie die Einstellungen Ihres Browsers pr\u00fcfen.<\/p>\n<p><strong>Tolomatic erhebt bestimmte Daten zu Ihrer Computerhardware und -software, darunter die folgenden\u00a0<\/strong><br \/>\n(jedoch nicht beschr\u00e4nkt darauf):<\/p>\n<p><strong>IP-Adresse\u00a0<\/strong><br \/>\n<strong>Art des Browsers<\/strong><br \/>\n<strong>Betriebssystem<\/strong><br \/>\n<strong>Zugriffszeiten<\/strong><br \/>\n<strong>Verweisende Internetadressen<\/strong><\/p>\n<p>&nbsp;<\/p>\n<h3>Informationsaustausch von Daten<\/h3>\n<p>Tolomatic wird unsere E-Mail-Listen niemals vermieten oder verkaufen. Wir k\u00f6nnen Ihre personenbezogenen Daten an unser autorisiertes Tolomatic-Vertriebsnetz weitergeben, um Ihre Anfragen zu bearbeiten. Wenn Sie nicht damit einverstanden sind, Ihre personenbezogenen Daten an unser autorisiertes Vertriebsnetz weiterzugeben, senden Sie bitte eine E-Mail an\u00a0<a href=\"mailto:GDPRdb@tolomatic.com\" target=\"_blank\" rel=\"noopener\">GDPRdb@tolomatic.com<\/a>.<\/p>\n<p>&nbsp;<\/p>\n<h3>Links zu anderen Websites<\/h3>\n<p>Die Tolomatic-Website enth\u00e4lt Links zu anderen Websites, die f\u00fcr Sie von Nutzen sein k\u00f6nnen. Tolomatic ist nicht verantwortlich f\u00fcr die Datenschutzpraktiken der Websites, auf die wir verlinken. Unsere Datenschutzerkl\u00e4rung gilt nur f\u00fcr die von Tolomatic gesammelten Informationen.<\/p>\n<p>&nbsp;<\/p>\n<h3>Sicherheit<\/h3>\n<p>Tolomatic nimmt Ihre personenbezogenen Daten ernst. Sensible Informationen (wie z.\u00a0B. eine Kreditkartennummer) werden durch Verschl\u00fcsselung gesch\u00fctzt, wie z.\u00a0B. das Protokoll Secure Socket Layer (SSL). Der Zugriff auf alle Informationen unserer Benutzer ist in den B\u00fcros von Tolomatic beschr\u00e4nkt und diese Server befinden sich in einer sicheren Umgebung.<\/p>\n<p>&nbsp;<\/p>\n<h3>Ihre personenbezogenen Daten und Direktmarketing<\/h3>\n<p>Tolomatic bem\u00fcht sich, Ihre personenbezogenen Daten korrekt, vollst\u00e4ndig und aktuell zu halten. Wenn Sie m\u00f6chten, dass wir Ihre Daten aktualisieren, werden wir Ihre Anfrage so schnell wie m\u00f6glich bearbeiten. Senden Sie uns eine E-Mail mit Ihrer Anfrage an\u00a0<a href=\"mailto:GDPRdb@tolomatic.com\" target=\"_blank\" rel=\"noopener\">GDPRdb@tolomatic.com<\/a>. Wenn Sie keine Newsletter oder Werbematerialien mehr erhalten m\u00f6chten, k\u00f6nnen Sie diese Mitteilungen abbestellen. Sie k\u00f6nnen auf den Abmelde-Link in der Fu\u00dfzeile der Werbe-E-Mail klicken, uns einen Brief mit einer \u201eAbmelde\u201c-Benachrichtigung schicken oder eine E-Mail an\u00a0<a href=\"mailto:GDPRdb@tolomatic.com\" target=\"_blank\" rel=\"noopener\">GDPRdb@tolomatic.com<\/a>\u00a0schicken und um Abmeldung bitten.<\/p>\n<p>&nbsp;<\/p>\n<h3>Einhaltung der DSGVO<\/h3>\n<p>Tolomatic stellt sicher, dass alle von uns erhobenen Daten rechtm\u00e4\u00dfig verwaltet werden. Wir verwenden auch bestimmte Drittanbieter, um Daten zu erfassen, und wir haben gepr\u00fcft, dass diese ebenfalls DSGVO-konform sind. Sie haben das Recht, Ihre Daten jederzeit dauerhaft aus unserem System zu entfernen und k\u00f6nnen uns eine E-Mail an\u00a0<a href=\"mailto:GDPRdb@tolomatic.com\" target=\"_blank\" rel=\"noopener\">GDPRdb@tolomatic.com<\/a>\u00a0senden, um Ihre Anfrage zu bearbeiten.<\/p>\n<p>&nbsp;<\/p>\n<h3>Datenspeicherung und -aufbewahrung<\/h3>\n<p>Tolomatic-Server speichern die von uns aufbewahrten Benutzerdaten. Dar\u00fcber hinaus nutzen wir Cloud-basierte Datenbank-Management-Dienste in den USA und Indien. Tolomatic speichert Daten f\u00fcr die Dauer der Gesch\u00e4ftsbeziehung.<\/p>\n<p>&nbsp;<\/p>\n<h3>Kanadas Spamschutz-Gesetzgebung (Canada&#8217;s Anti-Spam Legislation, CASL)<\/h3>\n<p>Tolomatic hat die notwendigen Schritte unternommen, um Kanadas Spamschutz-Gesetzgebung einzuhalten. Nur E-Mail-Kontakte, mit denen wir in den letzten 2 Jahren eine Gesch\u00e4ftsbeziehung hatten, oder Personen, die sich nach einer Veranstaltung erkundigt haben oder sich f\u00fcr den Erhalt unserer Marketingkommunikation entschieden haben, werden E-Mails erhalten. Wenn Sie das Gef\u00fchl haben, dass Sie eine unaufgeforderte E-Mail von Tolomatic erhalten haben, senden Sie bitte eine E-Mail an\u00a0<a href=\"mailto:GDPRdb@tolomatic.com\" target=\"_blank\" rel=\"noopener\">GDPRdb@tolomatic.com<\/a>\u00a0und wir werden Ihre Daten innerhalb von 48 Stunden l\u00f6schen.<\/p>\n<p>&nbsp;<\/p>\n<h3>Daten\u00fcbertragung<\/h3>\n<p>Die Daten, die wir von Ihnen erheben, k\u00f6nnen an ausgew\u00e4hlte Drittunternehmen, mit denen wir eine vertragliche Gesch\u00e4ftsbeziehung unterhalten, \u00fcbertragen und dort gespeichert werden. Diese wird f\u00fcr Unterst\u00fctzungsdienstleistungen, die Auftragsabwicklung oder Zahlungsabwicklung verwendet.<\/p>\n<p>Tolomatic stellt sicher, dass Ihre Daten sicher und in \u00dcbereinstimmung mit dieser Datenschutzerkl\u00e4rung behandelt werden. Wenn Sie mit der \u00dcbertragung, Speicherung oder Verarbeitung Ihrer personenbezogenen Daten nicht einverstanden sind, senden Sie bitte eine E-Mail an\u00a0<a href=\"mailto:GDPRdb@tolomatic.com\" target=\"_blank\" rel=\"noopener\">GDPRdb@tolomatic.com<\/a>\u00a0mit Ihrer Anfrage.<\/p>\n\t\t\t<\/div>\n\t\t\t\t\t\t\t\t<\/div>\n\t\t\t<\/div>\n\t\t<\/div>\n","protected":false},"excerpt":{"rendered":"","protected":false},"author":1,"featured_media":0,"parent":0,"menu_order":0,"comment_status":"closed","ping_status":"closed","template":"","meta":{"_acf_changed":false,"footnotes":""},"class_list":["post-20088","page","type-page","status-publish","hentry"],"acf":[],"_links":{"self":[{"href":"https:\/\/dev.tolomatic.com\/de\/wp-json\/wp\/v2\/pages\/20088","targetHints":{"allow":["GET"]}}],"collection":[{"href":"https:\/\/dev.tolomatic.com\/de\/wp-json\/wp\/v2\/pages"}],"about":[{"href":"https:\/\/dev.tolomatic.com\/de\/wp-json\/wp\/v2\/types\/page"}],"author":[{"embeddable":true,"href":"https:\/\/dev.tolomatic.com\/de\/wp-json\/wp\/v2\/users\/1"}],"replies":[{"embeddable":true,"href":"https:\/\/dev.tolomatic.com\/de\/wp-json\/wp\/v2\/comments?post=20088"}],"version-history":[{"count":0,"href":"https:\/\/dev.tolomatic.com\/de\/wp-json\/wp\/v2\/pages\/20088\/revisions"}],"wp:attachment":[{"href":"https:\/\/dev.tolomatic.com\/de\/wp-json\/wp\/v2\/media?parent=20088"}],"curies":[{"name":"wp","href":"https:\/\/api.w.org\/{rel}","templated":true}]}}