{"id":20116,"date":"2022-07-25T17:46:41","date_gmt":"2022-07-25T17:46:41","guid":{"rendered":"https:\/\/dev.tolomatic.com\/produkte\/was-spricht-fur-servoweld-antriebe\/tested-results\/"},"modified":"2023-07-10T14:41:18","modified_gmt":"2023-07-10T14:41:18","slug":"tested-results","status":"publish","type":"page","link":"https:\/\/dev.tolomatic.com\/de\/produkte\/was-spricht-fur-servoweld-antriebe\/tested-results\/","title":{"rendered":"Test Ergebnisse"},"content":{"rendered":"<style>.acf-custom-block.acf-block-rmgintrobanner{padding:60px 0;position:relative}@media only screen and (max-width:1180px){.acf-custom-block.acf-block-rmgintrobanner{padding:50px 0}}.acf-custom-block.acf-block-rmgintrobanner .content{max-width:750px;padding:20px 0 20px 150px}@media only screen and (max-width:1180px){.acf-custom-block.acf-block-rmgintrobanner .content{padding:0}}.acf-custom-block.acf-block-rmgintrobanner .content h1{color:#84cef3;margin-top:0;text-shadow:0 0 20px rgba(0,0,0,.3)}.acf-custom-block.acf-block-rmgintrobanner .content p{font-size:1.25rem}.acf-custom-block.acf-block-rmgintrobanner .content a.btn{margin-top:15px}.acf-custom-block.acf-block-rmgintrobanner.text-dark .content h1,.acf-custom-block.acf-block-rmgintrobanner.text-dark .content p{color:#2c3038}.acf-custom-block.acf-block-rmgintrobanner.text-light .content h1,.acf-custom-block.acf-block-rmgintrobanner.text-light .content p{color:#fff}.acf-custom-block.acf-block-rmgintrobanner.intro-align-center .content{margin:0 auto;padding:20px 100px;text-align:center}@media only screen and (max-width:1180px){.acf-custom-block.acf-block-rmgintrobanner.intro-align-center .content{padding:0}}.acf-custom-block.acf-block-rmgintrobanner.has-nav .content{padding-bottom:50px}@media only screen and (max-width:1180px){.acf-custom-block.acf-block-rmgintrobanner.has-nav .content{padding-bottom:0}}.acf-custom-block.acf-block-rmgintrobanner.bg-image:before{background-position:top}.acf-custom-block.acf-block-rmgintrobanner.background-bg-blue .content h1,.acf-custom-block.acf-block-rmgintrobanner.background-bg-blue .content p{color:#fff}.acf-custom-block.acf-block-rmgintrobanner.background-bg-light-blue .content h1,.acf-custom-block.acf-block-rmgintrobanner.background-bg-light-blue .content p{color:#2c3038}.acf-custom-block.acf-block-rmgintrobanner.intro-wide .content{max-width:100%}.acf-custom-block.acf-block-rmgintrobanner.block-below-none{padding-bottom:0}.intro-banner{margin:0 auto;max-width:1600px;position:relative}.intro-banner .secondary-nav{bottom:0;left:0;position:absolute;text-align:center;width:100%}.intro-banner .secondary-nav .acf-block-wrap{max-width:1600px;padding:0}.intro-banner .secondary-nav ul{display:inline-block;list-style:none;margin:0;padding:0;width:100%}.intro-banner .secondary-nav ul li{display:inline-block;vertical-align:bottom}.intro-banner .secondary-nav ul li a{background-color:hsla(0,0%,100%,.75);color:#0072a7;display:block;font-size:1.1rem;font-weight:700;margin:0 1px;padding:20px 40px;text-decoration:none}.intro-banner .secondary-nav ul li.active a{background-color:#fff;padding:21px 40px}@media only screen and (max-width:1180px){.intro-banner .secondary-nav{position:relative}.intro-banner .secondary-nav ul li{display:block;width:100%}.intro-banner .secondary-nav ul li a{border-bottom:1px solid #888;font-size:1.1rem;padding:15px}}@media only screen and (max-width:767px){.intro-banner .secondary-nav{position:relative}.intro-banner .secondary-nav ul li{display:block;width:100%}.intro-banner .secondary-nav ul li a{border-bottom:1px solid #888;font-size:1.1rem;padding:15px}}body.lang-de .intro-banner .secondary-nav ul li a{font-size:1rem;padding:20px}@media only screen and (max-width:1220px){body.lang-de .intro-banner .secondary-nav ul li a{font-size:.875rem;padding:14px 20px}body.lang-de .intro-banner .secondary-nav ul li.active a{padding:16px 20px}}<\/style>\t<div class=\"banner-breadcrumbs\"><ul class=\"breadcrumbs\"><li><a href=\"https:\/\/dev.tolomatic.com\/de\/\">Home<\/a><\/li><li><a href=\"https:\/\/dev.tolomatic.com\/de\/produkte\/\">Produkte<\/a><\/li><li><a href=\"https:\/\/dev.tolomatic.com\/de\/produkte\/was-spricht-fur-servoweld-antriebe\/\">Was spricht f\u00fcr ServoWeld\u00ae-Antriebe?<\/a><\/li><li>Test Ergebnisse<\/li><\/ul><\/div>\n<div class=\"intro-banner\">\n\t<div class=\"acf-block-rmgintrobanner acf-custom-block align-full has-nav bg-image background-white text-light intro-align-left darken-background-0 block-below-normal\" id=\"block_050b54f41d76853d7324208bb74d69c9\">\n\t\t\t\t<div class=\"acf-block-wrap\">\n\t\t\t<div class=\"content\">\n\t\t\t\t<h1>Test Ergebnisse<\/h1>\t\t\t\t<p>ServoWeld\u00ae-Widerstandspunktschwei\u00dfenantriebe werden vor der Auslieferung gr\u00fcndlich gepr\u00fcft, um Millionen von Zyklen st\u00f6rungsfreier Leistung zu gew\u00e4hrleisten.<\/p>\n\t\t\t<\/div>\t\t<\/div>\n\t\t\t\t\t\t\t<style>#block_050b54f41d76853d7324208bb74d69c9:before {background-image: url(https:\/\/dev.tolomatic.com\/wp-content\/uploads\/2022\/07\/headerbn-gswa-shopfloor_7367-1024x316.jpg);}<\/style>\n\t\t\t<\/div>\n\t\t\t<div class=\"secondary-nav\">\n\t\t\t<div class=\"acf-block-wrap\">\n\t\t\t\t<ul><li ><a href=\"https:\/\/dev.tolomatic.com\/de\/produkte\/was-spricht-fur-servoweld-antriebe\/was-spricht-fur-servoweld-antriebe-servoweld-actuators\/\" target=\"_self\" class=\"\">ServoWeld\u00ae-Antriebe<\/a><\/li><li ><a href=\"https:\/\/dev.tolomatic.com\/de\/produkte\/was-spricht-fur-servoweld-antriebe\/servoweld-vs-other-servos\/\" target=\"_self\" class=\"\">ServoWeld\u00ae im zu Anderen Servoantrieben<\/a><\/li><li ><a href=\"https:\/\/dev.tolomatic.com\/de\/produkte\/was-spricht-fur-servoweld-antriebe\/servoweld-vs-pneumatic\/\" target=\"_self\" class=\"\">ServoWeld\u00ae im Vergleich zu pneumatischen<\/a><\/li><li ><a href=\"https:\/\/dev.tolomatic.com\/de\/produkte\/was-spricht-fur-servoweld-antriebe\/robot-integration\/\" target=\"_self\" class=\"\">Roboterintegration<\/a><\/li><li class=\"active\"><a href=\"https:\/\/dev.tolomatic.com\/de\/produkte\/was-spricht-fur-servoweld-antriebe\/tested-results\/\" target=\"_self\" class=\"\">Test Ergebnisse<\/a><\/li><li ><a href=\"https:\/\/dev.tolomatic.com\/de\/produkte\/was-spricht-fur-servoweld-antriebe\/engineering-service\/\" target=\"_self\" class=\"\">Technik und Service<\/a><\/li><\/ul>\n\t\t\t<\/div>\n\t\t<\/div>\n\t<\/div>\n\n<style>.acf-custom-block.acf-block-rmgaccordion.layout-wide .faqs{margin:0 auto;max-width:1150px}.acf-custom-block.acf-block-rmgaccordion.layout-narrow .faqs{margin:0 auto;max-width:900px}.acf-custom-block.acf-block-rmgaccordion.type-image .faqs h2,.acf-custom-block.acf-block-rmgaccordion.type-image .faqs h3,.acf-custom-block.acf-block-rmgaccordion.type-image .faqs h4{margin-top:40px}.acf-custom-block.acf-block-rmgaccordion.type-image .faqs .faq img{background:#fff;max-width:100%;padding:10px}.acf-custom-block.acf-block-rmgaccordion.type-image .faqs .faq .faq-content{padding:0}.acf-custom-block.acf-block-rmgaccordion.type-image .faqs .faq .faq-title{margin-top:0}.acf-custom-block.acf-block-rmgaccordion.sec-style .faqs{padding-bottom:20px}.acf-custom-block.acf-block-rmgaccordion.sec-style .faqs .faq{background:#fff;border-top:1px solid #84cef3;margin:0}.acf-custom-block.acf-block-rmgaccordion.sec-style .faqs .faq:last-child{border-bottom:1px solid #84cef3}.acf-custom-block.acf-block-rmgaccordion.sec-style .faqs .faq .faq-title{font-size:1.25rem;line-height:2.125rem;padding-left:45px}.acf-custom-block.acf-block-rmgaccordion.sec-style .faqs .faq .faq-title:before{border-color:#0072a7;color:#0072a7;font-size:1.5rem;font-weight:400;line-height:1.5rem;padding:2px 9px 4px}.acf-custom-block.acf-block-rmgaccordion.sec-style .faqs .faq.expanded .faq-title:before{padding:1px 11px 5px}.acf-custom-block.acf-block-rmgaccordion.sec-style .faqs .faq .faq-content.images{display:flex;flex-direction:row-reverse;gap:50px;padding:20px 45px}.acf-custom-block.acf-block-rmgaccordion.sec-style .faqs .faq .faq-content.images .button-holder{flex:1}.acf-custom-block.acf-block-rmgaccordion.sec-style .faqs .faq .faq-content.links{padding-bottom:20px;padding-top:10px}.acf-custom-block.acf-block-rmgaccordion.sec-style .faqs .faq .faq-content.links ul{list-style:none;margin:0 0 0 20px;padding:0}.acf-custom-block.acf-block-rmgaccordion.sec-style .faqs .faq .faq-content.links ul li{padding:5px 0;position:relative}.acf-custom-block.acf-block-rmgaccordion.sec-style .faqs .faq .faq-content.links ul li:before{background:url(\/wp-content\/themes\/tolomatic\/assets\/dist\/img\/arrow-right.png) no-repeat;background-size:contain;content:\"\";height:20px;left:-22px;position:absolute;top:9px;width:12px}.acf-custom-block.acf-block-rmgaccordion.sec-style .faqs .faq .faq-content.links ul li a{font-size:1.25rem;text-decoration:none}.acf-custom-block.acf-block-rmgaccordion.sec-style .faqs .faq .faq-content.links ul li a:hover{text-decoration:underline}@media only screen and (max-width:1180px){.acf-custom-block.acf-block-rmgaccordion.sec-style .faqs .faq .faq-content.links ul li a{font-size:1rem}}.acf-custom-block.acf-block-rmgaccordion.sec-style .faqs .faq .faq-content.links .no-matches.hidden,.acf-custom-block.acf-block-rmgaccordion.sec-style .faqs .faq .faq-content.links ul li.hidden{display:none}@media only screen and (max-width:1180px){.acf-custom-block.acf-block-rmgaccordion.sec-style .faqs .faq .faq-content.images{display:block;padding:10px 0}.acf-custom-block.acf-block-rmgaccordion.sec-style .faqs .faq .faq-content.images img{height:auto;margin-top:5px;width:100%}}<\/style><div class=\"acf-block-rmgaccordion acf-custom-block align-wide layout-full type-image intro-align-left\" id=\"block_d19020a09d26200105d5e34c964b3f27\">\n\t\t<div class=\"acf-block-wrap\">\n\t\t\t\t\t\t<div class=\"faqs\">\n\t\t\t\t\t\t\t\t\t\t\t<div class=\"faq\">\n\t\t\t\t<h4 class='faq-title'>Vollst\u00e4ndige Verifizierungstests<\/h4>\n\t\t\t\t<div class='faq-content'><p><img loading=\"lazy\" decoding=\"async\" class=\"alignnone size-large wp-image-20104\" src=\"https:\/\/dev.tolomatic.com\/wp-content\/uploads\/2022\/08\/completeverificationtesting-695x1024.jpg\" alt=\"\" width=\"695\" height=\"1024\" srcset=\"https:\/\/dev.tolomatic.com\/wp-content\/uploads\/2022\/08\/completeverificationtesting-695x1024.jpg 695w, https:\/\/dev.tolomatic.com\/wp-content\/uploads\/2022\/08\/completeverificationtesting-600x884.jpg 600w, https:\/\/dev.tolomatic.com\/wp-content\/uploads\/2022\/08\/completeverificationtesting-204x300.jpg 204w, https:\/\/dev.tolomatic.com\/wp-content\/uploads\/2022\/08\/completeverificationtesting-768x1131.jpg 768w, https:\/\/dev.tolomatic.com\/wp-content\/uploads\/2022\/08\/completeverificationtesting-1043x1536.jpg 1043w, https:\/\/dev.tolomatic.com\/wp-content\/uploads\/2022\/08\/completeverificationtesting-1390x2048.jpg 1390w, https:\/\/dev.tolomatic.com\/wp-content\/uploads\/2022\/08\/completeverificationtesting-1086x1600.jpg 1086w, https:\/\/dev.tolomatic.com\/wp-content\/uploads\/2022\/08\/completeverificationtesting-scaled.jpg 1738w\" sizes=\"auto, (max-width: 695px) 100vw, 695px\" \/><\/p>\n<h5>Ergebnisse der Leistungspr\u00fcfung<\/h5>\n<p>Die Antriebe ServoWeld von Tolomatic (mit Rollengewinde\/Mutter) sind so konzipiert und hergestellt, dass sie w\u00e4hrend der gesamten Lebensdauer \u00b13,0\u00a0% Kraftreproduzierbarkeit aufweisen.<\/p>\n<p>Die Daten im unten stehenden Diagramm \u201eKraftabgabe ServoWeld\u201c stammen von einer ServoWeld-Baueinheit mit einem Rollengewinde und Windungen mit niedriger Spannung.<\/p>\n<p><img loading=\"lazy\" decoding=\"async\" class=\"alignnone size-large wp-image-20108\" src=\"https:\/\/dev.tolomatic.com\/wp-content\/uploads\/2022\/08\/servoweld-force-output-677x1024.jpg\" alt=\"\" width=\"677\" height=\"1024\" srcset=\"https:\/\/dev.tolomatic.com\/wp-content\/uploads\/2022\/08\/servoweld-force-output-677x1024.jpg 677w, https:\/\/dev.tolomatic.com\/wp-content\/uploads\/2022\/08\/servoweld-force-output-600x907.jpg 600w, https:\/\/dev.tolomatic.com\/wp-content\/uploads\/2022\/08\/servoweld-force-output-198x300.jpg 198w, https:\/\/dev.tolomatic.com\/wp-content\/uploads\/2022\/08\/servoweld-force-output-768x1161.jpg 768w, https:\/\/dev.tolomatic.com\/wp-content\/uploads\/2022\/08\/servoweld-force-output.jpg 854w\" sizes=\"auto, (max-width: 677px) 100vw, 677px\" \/><\/p>\n<\/div>\n\t\t\t<\/div>\t\t\t\n\t\t\t\t\t\t\t\t\t<div class=\"faq\">\n\t\t\t\t<h4 class='faq-title'>Anwendungsrichtlinien<\/h4>\n\t\t\t\t<div class='faq-content'><p><img loading=\"lazy\" decoding=\"async\" class=\"alignnone size-large wp-image-20110\" src=\"https:\/\/dev.tolomatic.com\/wp-content\/uploads\/2022\/08\/gswa-application-guidelines-691x1024.jpg\" alt=\"\" width=\"691\" height=\"1024\" srcset=\"https:\/\/dev.tolomatic.com\/wp-content\/uploads\/2022\/08\/gswa-application-guidelines-691x1024.jpg 691w, https:\/\/dev.tolomatic.com\/wp-content\/uploads\/2022\/08\/gswa-application-guidelines-600x889.jpg 600w, https:\/\/dev.tolomatic.com\/wp-content\/uploads\/2022\/08\/gswa-application-guidelines-203x300.jpg 203w, https:\/\/dev.tolomatic.com\/wp-content\/uploads\/2022\/08\/gswa-application-guidelines-768x1137.jpg 768w, https:\/\/dev.tolomatic.com\/wp-content\/uploads\/2022\/08\/gswa-application-guidelines-1037x1536.jpg 1037w, https:\/\/dev.tolomatic.com\/wp-content\/uploads\/2022\/08\/gswa-application-guidelines-1383x2048.jpg 1383w, https:\/\/dev.tolomatic.com\/wp-content\/uploads\/2022\/08\/gswa-application-guidelines-1080x1600.jpg 1080w, https:\/\/dev.tolomatic.com\/wp-content\/uploads\/2022\/08\/gswa-application-guidelines-scaled.jpg 1729w\" sizes=\"auto, (max-width: 691px) 100vw, 691px\" \/><\/p>\n<\/div>\n\t\t\t<\/div>\t\t\t\n\t\t\t\t\t\t\t\t\t<div class=\"faq\">\n\t\t\t\t<h4 class='faq-title'>Ergebnisse der Leistungspr\u00fcfung<\/h4>\n\t\t\t\t<div class='faq-content'><p><img loading=\"lazy\" decoding=\"async\" class=\"alignnone size-large wp-image-20112\" src=\"https:\/\/dev.tolomatic.com\/wp-content\/uploads\/2022\/08\/testedperformanceresults-313x1024.jpg\" alt=\"\" width=\"313\" height=\"1024\" srcset=\"https:\/\/dev.tolomatic.com\/wp-content\/uploads\/2022\/08\/testedperformanceresults-313x1024.jpg 313w, https:\/\/dev.tolomatic.com\/wp-content\/uploads\/2022\/08\/testedperformanceresults-600x1963.jpg 600w, https:\/\/dev.tolomatic.com\/wp-content\/uploads\/2022\/08\/testedperformanceresults-92x300.jpg 92w, https:\/\/dev.tolomatic.com\/wp-content\/uploads\/2022\/08\/testedperformanceresults-768x2513.jpg 768w, https:\/\/dev.tolomatic.com\/wp-content\/uploads\/2022\/08\/testedperformanceresults-469x1536.jpg 469w, https:\/\/dev.tolomatic.com\/wp-content\/uploads\/2022\/08\/testedperformanceresults-626x2048.jpg 626w, https:\/\/dev.tolomatic.com\/wp-content\/uploads\/2022\/08\/testedperformanceresults-489x1600.jpg 489w, https:\/\/dev.tolomatic.com\/wp-content\/uploads\/2022\/08\/testedperformanceresults-scaled.jpg 782w\" sizes=\"auto, (max-width: 313px) 100vw, 313px\" \/><\/p>\n<\/div>\n\t\t\t<\/div>\t\t\t\n\t\t\t\t\t\t\t\t\t<div class=\"faq\">\n\t\t\t\t<h4 class='faq-title'>Aufarbeitungs- und Wiederaufarbeitungsservices<\/h4>\n\t\t\t\t<div class='faq-content'><p>F\u00fcr vollst\u00e4ndige Informationen zu den ServoWeld Aufarbeitungs- und Wiederaufarbeitungsservices <a href=\"https:\/\/dev.tolomatic.com\/de\/infozentrum\/resource-details\/servoweld-aufarbeitungs-und-wiederaufarbeitungsservices-english-servoweld-refurbishment-and-rema\/\">Brosch\u00fcre herunterladen<\/a>.<\/p>\n<\/div>\n\t\t\t<\/div>\t\t\t\n\t\t\t\t\t\t<\/div>\n\t<\/div>","protected":false},"excerpt":{"rendered":"","protected":false},"author":1,"featured_media":0,"parent":19964,"menu_order":0,"comment_status":"closed","ping_status":"closed","template":"","meta":{"_acf_changed":false,"footnotes":""},"class_list":["post-20116","page","type-page","status-publish","hentry"],"acf":[],"_links":{"self":[{"href":"https:\/\/dev.tolomatic.com\/de\/wp-json\/wp\/v2\/pages\/20116","targetHints":{"allow":["GET"]}}],"collection":[{"href":"https:\/\/dev.tolomatic.com\/de\/wp-json\/wp\/v2\/pages"}],"about":[{"href":"https:\/\/dev.tolomatic.com\/de\/wp-json\/wp\/v2\/types\/page"}],"author":[{"embeddable":true,"href":"https:\/\/dev.tolomatic.com\/de\/wp-json\/wp\/v2\/users\/1"}],"replies":[{"embeddable":true,"href":"https:\/\/dev.tolomatic.com\/de\/wp-json\/wp\/v2\/comments?post=20116"}],"version-history":[{"count":0,"href":"https:\/\/dev.tolomatic.com\/de\/wp-json\/wp\/v2\/pages\/20116\/revisions"}],"up":[{"embeddable":true,"href":"https:\/\/dev.tolomatic.com\/de\/wp-json\/wp\/v2\/pages\/19964"}],"wp:attachment":[{"href":"https:\/\/dev.tolomatic.com\/de\/wp-json\/wp\/v2\/media?parent=20116"}],"curies":[{"name":"wp","href":"https:\/\/api.w.org\/{rel}","templated":true}]}}