{"id":30259,"date":"2022-06-10T17:53:08","date_gmt":"2022-06-10T22:53:08","guid":{"rendered":"https:\/\/dev.tolomatic.com\/infozentrum\/technische-infos\/hygienic-electric-actuator-solutions\/"},"modified":"2024-08-01T15:45:48","modified_gmt":"2024-08-01T15:45:48","slug":"hygienic-electric-actuator-solutions","status":"publish","type":"page","link":"https:\/\/dev.tolomatic.com\/de\/infozentrum\/technische-infos\/hygienic-electric-actuator-solutions\/","title":{"rendered":"Hygienische elektrische Stellantriebsl\u00f6sungen"},"content":{"rendered":"<style>.acf-custom-block.acf-block-rmgwysiwyg img{display:block;max-width:100%}.acf-custom-block.acf-block-rmgwysiwyg:first-of-type{padding-top:60px}.acf-custom-block.acf-block-rmgwysiwyg:last-of-type{padding-bottom:60px}.acf-custom-block.acf-block-rmgwysiwyg.vertical-align-middle .columns{align-items:center}.acf-custom-block.acf-block-rmgwysiwyg .intro{margin-bottom:40px}.acf-custom-block.acf-block-rmgwysiwyg .intro.width-wide{margin:0 auto 40px;max-width:900px}.acf-custom-block.acf-block-rmgwysiwyg .intro.width-narrow{margin:0 auto 40px;max-width:700px}@media only screen and (min-width:768px){.acf-custom-block.acf-block-rmgwysiwyg .columns{display:flex;flex:auto;margin:0 -24px}.acf-custom-block.acf-block-rmgwysiwyg .column{flex:1;margin:0 24px}.acf-custom-block.acf-block-rmgwysiwyg.columns-2.column-size-large-left .column:first-child{flex:2;padding-right:50px}.acf-custom-block.acf-block-rmgwysiwyg.columns-2.column-size-large-right .column:first-child{padding-right:50px}.acf-custom-block.acf-block-rmgwysiwyg.columns-2.column-size-large-right .column:last-child{flex:2}}@media only screen and (max-width:767px){.acf-custom-block.acf-block-rmgwysiwyg .intro{padding:0 20px}.acf-custom-block.acf-block-rmgwysiwyg .acf-block-wrap{max-width:550px;width:100%}.acf-custom-block.acf-block-rmgwysiwyg .columns{flex-direction:column;margin:0;padding:0}.acf-custom-block.acf-block-rmgwysiwyg .column{margin-bottom:50px}}@media only screen and (max-width:480px){.acf-custom-block.acf-block-rmgwysiwyg .acf-block-wrap{width:100%}.acf-custom-block.acf-block-rmgwysiwyg .column{margin-bottom:40px}}<\/style><div class=\"acf-block-rmgwysiwyg acf-custom-block align-default columns-1 vertical-align-top bg-none background-white text-light column-size-equal intro-align-left intro-padding-normal block-below-normal\" id=\"block_1b78ea574aa8582fc40784b9de09ae5d\">\n\t\t<div class=\"acf-block-wrap\">\n\t\t\t\t<div class=\"intro\">\n\t\t\t\t\t\t<h2 style=\"text-align: center;\">Lineare Bewegung f\u00fcr Wash-Down- und Clean-in-Place-Flexibilit\u00e4t<\/h2>\n\t\t <\/div> \t\t\t\t<div class=\"columns\">\n\t\t\t<div class=\"column\">\n\t\t\t\t<div id=\"anchor-link-ccc\" class=\"jumpnav-item\" data-title=\"Reinigen-Kontinuierlich-Steuerung\"><\/div>\n<h4><img loading=\"lazy\" decoding=\"async\" class=\"aligncenter wp-image-11593\" src=\"https:\/\/dev.tolomatic.com\/wp-content\/uploads\/2024\/08\/Clean-continuous-control-DE_800x638.jpg\" alt=\"Clean-continuous-control-DE\" width=\"800\" height=\"638\" \/><\/h4>\n<h4>Lebensmittel- und Pharmahersteller verlangen von ihren OEM-Maschinenbauern sauberere und sicherere Maschinenkonzepte. Maschinenkonstrukteure m\u00fcssen mit den aktuellen Best Practices f\u00fcr hygienisch konzipierte Anlagen vertraut sein.<\/h4>\n<p>\u200b<\/p>\n<hr \/>\n<div id=\"anchor-link-whitepaper\" class=\"jumpnav-item\" data-title=\"Hygienisches Whitepaper\"><\/div>\n<p>Laden Sie unser Whitepaper herunter, um f\u00fcnf Tipps f\u00fcr die Konstruktion und Installation elektrischer Stellantriebe in hygienischen Anwendungen zu erhalten:<\/p>\n<ol>\n<li style=\"list-style-type: none;\">\n<ol>\n<li>W\u00e4hlen Sie hygienisch konzipierte Aktuatoren<\/li>\n<li>Integrieren Sie den Aktuator in Ihre offene Maschinen-\/Systemarchitektur<\/li>\n<li>Ordnungsgem\u00e4\u00dfe Installation und Handhabung von elektrischen Stellantrieben<\/li>\n<li>Wartung und Reinigung von Stellantrieben<\/li>\n<li>Verstehen von integrierten und nicht integrierten Stellantriebskonstruktionen<\/li>\n<\/ol>\n<\/li>\n<\/ol>\n<h3 style=\"text-align: center;\"><a class=\"btn btn-upper\" href=\"https:\/\/dev.tolomatic.com\/info-center\/resource-details\/top-5-best-practices-for-designing-electric-actuators-into-food-processing-equipment\/\">5 Tipps herunterladen<\/a><\/h3>\n<p><img loading=\"lazy\" decoding=\"async\" class=\"aligncenter wp-image-18964\" src=\"https:\/\/dev.tolomatic.com\/wp-content\/uploads\/2022\/07\/top-5-wp-204x300.png\" alt=\"\" width=\"400\" height=\"590\" \/><\/p>\n<hr \/>\n<div id=\"anchor-link-ask\" class=\"jumpnav-item\" data-title=\"Fragen Sie einen Ingenieur\"><\/div>\n<h4 style=\"text-align: center;\"><img loading=\"lazy\" decoding=\"async\" class=\"wp-image-16029 size-thumbnail aligncenter\" src=\"https:\/\/dev.tolomatic.com\/wp-content\/uploads\/2022\/06\/ask-150x150.png\" alt=\"\" width=\"150\" height=\"150\" srcset=\"https:\/\/dev.tolomatic.com\/wp-content\/uploads\/2022\/06\/ask-150x150.png 150w, https:\/\/dev.tolomatic.com\/wp-content\/uploads\/2022\/06\/ask-100x100.png 100w, https:\/\/dev.tolomatic.com\/wp-content\/uploads\/2022\/06\/ask.png 300w\" sizes=\"auto, (max-width: 150px) 100vw, 150px\" \/><\/h4>\n<h4 style=\"text-align: center;\">Besprechen Sie die Details Ihrer Anwendung mit unseren Experten f\u00fcr hygienische Stellantriebe<\/h4>\n<h3 style=\"text-align: center;\"><a class=\"btn btn-upper\" href=\"https:\/\/dev.tolomatic.com\/contact-an-engineer\/\">Fragen Sie einen Ingenieur<\/a><\/h3>\n<hr \/>\n\t\t\t<\/div>\n\t\t\t\t\t\t\t\t<\/div>\n\t\t\t<\/div>\n\t\t<\/div>\n\n\n<style>.acf-custom-block.acf-block-rmgimagetext .acf-block-wrap{display:flex}.acf-custom-block.acf-block-rmgimagetext.layout-image-left .acf-block-wrap{flex-direction:row-reverse}.acf-custom-block.acf-block-rmgimagetext.layout-image-left .acf-block-wrap .content{justify-content:right}.acf-custom-block.acf-block-rmgimagetext .content{align-items:center;display:flex;flex:1}.acf-custom-block.acf-block-rmgimagetext .content-wrap{width:90%}.acf-custom-block.acf-block-rmgimagetext .image{max-width:500px}.acf-custom-block.acf-block-rmgimagetext .image img{border-radius:6px;height:auto;max-width:100%}.acf-custom-block.acf-block-rmgimagetext .video{align-self:center;min-width:500px}@media only screen and (max-width:1180px){.acf-custom-block.acf-block-rmgimagetext .video{min-width:auto}}@media only screen and (min-width:768px) and (max-width:1180px){.acf-custom-block.acf-block-rmgimagetext .image{flex:1}}@media only screen and (max-width:767px){.acf-custom-block.acf-block-rmgimagetext .acf-block-wrap{align-items:center;flex-direction:column-reverse}.acf-custom-block.acf-block-rmgimagetext.layout-image-left .acf-block-wrap{flex-direction:column-reverse}.acf-custom-block.acf-block-rmgimagetext .content{justify-content:center;margin-top:30px;max-width:565px}.acf-custom-block.acf-block-rmgimagetext .content-wrap{width:95%}.acf-custom-block.acf-block-rmgimagetext .image{text-align:center}}<\/style><div class=\"acf-block-rmgimagetext acf-custom-block align-wide bg-none background-white layout-image-left block-below-normal\" id=\"block_b32140b9962040163276a6fffc47dbfb\">\n\t\t<div class=\"acf-block-wrap\">\n\t\t\t\t<div class=\"content\">\n\t\t\t<div class=\"content-wrap\"><div id=\"anchor-link-webinar\" class=\"jumpnav-item\" data-title=\"Hygienisches Webinar\"><\/div>\n<h4>On-Demand: Webinar \u00fcber bew\u00e4hrte Praktiken f\u00fcr die Entwicklung elektrischer Stellantriebe f\u00fcr die Lebensmittelverarbeitung und Hygieneger\u00e4te<\/h4>\n<\/div>\n\t\t<\/div>\n\t\t\t\t\t\t<div class=\"image video\"><div class=\"lazy-video-wrap\"><a href=\"https:\/\/www.youtube.com\/watch?v=QV1M1hMEtE4\" data-disablemessage=\"You must enable tracking cookies to view this video.\" data-title=\"ToloTalks: Best Practices for Designing Electric Actuators into Food Processing &#038; Hygienic Equipment\" data-videoembed=\"&lt;iframe style=&quot;aspect-ratio: 1280\/720&quot; width=&quot;1280&quot; height=&quot;720&quot; src=&quot;https:\/\/www.youtube-nocookie.com\/embed\/QV1M1hMEtE4?autoplay=1&#038;controls=1&#038;rel=0&quot; frameborder=&quot;0&quot; allow=&quot;accelerometer; autoplay; clipboard-write; encrypted-media; gyroscope; picture-in-picture; web-share&quot; referrerpolicy=&quot;strict-origin-when-cross-origin&quot; allowfullscreen&gt;&lt;\/iframe&gt;\" class=\"lazy-video\" target=\"_blank\" rel=\"noopener\"><img loading=\"lazy\" decoding=\"async\" width=\"1024\" height=\"576\" src=\"https:\/\/dev.tolomatic.com\/wp-content\/uploads\/2022\/06\/youtube-QV1M1hMEtE4-1-1024x576.jpg\" class=\"attachment-large size-large\" alt=\"\" srcset=\"https:\/\/dev.tolomatic.com\/wp-content\/uploads\/2022\/06\/youtube-QV1M1hMEtE4-1-1024x576.jpg 1024w, https:\/\/dev.tolomatic.com\/wp-content\/uploads\/2022\/06\/youtube-QV1M1hMEtE4-1-300x169.jpg 300w, https:\/\/dev.tolomatic.com\/wp-content\/uploads\/2022\/06\/youtube-QV1M1hMEtE4-1-768x432.jpg 768w, https:\/\/dev.tolomatic.com\/wp-content\/uploads\/2022\/06\/youtube-QV1M1hMEtE4-1-600x338.jpg 600w, https:\/\/dev.tolomatic.com\/wp-content\/uploads\/2022\/06\/youtube-QV1M1hMEtE4-1.jpg 1280w\" sizes=\"auto, (max-width: 1024px) 100vw, 1024px\" \/><div class=\"site-icon\"><svg xmlns=\"http:\/\/www.w3.org\/2000\/svg\" width=\"144\" height=\"144\" viewBox=\"0 0 144 144\"><path fill=\"currentColor\" d=\"M72 0c39.765 0 72 32.235 72 72s-32.235 72-72 72S0 111.765 0 72 32.235 0 72 0zM54.492 39.114a5 5 0 00-5 5v55.787a5 5 0 007.477 4.344l48.92-27.894a5 5 0 000-8.687L56.97 39.771a5 5 0 00-2.477-.657z\"><\/path><\/svg><\/div><\/a><\/div><\/div>\n\t\t\t<\/div>\n\t\t<\/div>\n\n<div class=\"acf-block-rmgwysiwyg acf-custom-block align-default columns-1 vertical-align-top bg-none background-white text-light column-size-equal intro-align-left intro-padding-normal block-below-normal\" id=\"block_67df40e3bdaefc1f79e1cd8b01d5103a\">\n\t\t<div class=\"acf-block-wrap\">\n\t\t\t\t<div class=\"intro\">\n\t\t\t\t\t\t<hr \/>\n<div id=\"anchor-link-products\" class=\"jumpnav-item\" data-title=\"Hygienische Produkte\"><\/div>\n<p><img loading=\"lazy\" decoding=\"async\" class=\"size-medium wp-image-16059 aligncenter\" src=\"https:\/\/dev.tolomatic.com\/wp-content\/uploads\/2022\/06\/Rsh-ed-257x300.jpg\" alt=\"\" width=\"257\" height=\"300\" srcset=\"https:\/\/dev.tolomatic.com\/wp-content\/uploads\/2022\/06\/Rsh-ed-257x300.jpg 257w, https:\/\/dev.tolomatic.com\/wp-content\/uploads\/2022\/06\/Rsh-ed-600x701.jpg 600w, https:\/\/dev.tolomatic.com\/wp-content\/uploads\/2022\/06\/Rsh-ed-877x1024.jpg 877w, https:\/\/dev.tolomatic.com\/wp-content\/uploads\/2022\/06\/Rsh-ed-768x897.jpg 768w, https:\/\/dev.tolomatic.com\/wp-content\/uploads\/2022\/06\/Rsh-ed-1316x1536.jpg 1316w, https:\/\/dev.tolomatic.com\/wp-content\/uploads\/2022\/06\/Rsh-ed-1754x2048.jpg 1754w, https:\/\/dev.tolomatic.com\/wp-content\/uploads\/2022\/06\/Rsh-ed-1370x1600.jpg 1370w\" sizes=\"auto, (max-width: 257px) 100vw, 257px\" \/><\/p>\n<h4 style=\"text-align: center;\"><a href=\"https:\/\/dev.tolomatic.com\/products\/product-details\/rsh-hygienic-electric-rod-style-actuators\/\">RSH hygienische elektrische Spindel Aktuatoren<\/a><\/h4>\n<p style=\"text-align: center;\">Konstruktion aus Edelstahl 316<\/p>\n<p style=\"text-align: center;\">Kr\u00e4fte bis zu 35,3 kN<\/p>\n<p style=\"text-align: center;\">IP69k, Clean in Place (CIP)<\/p>\n<p style=\"text-align: center;\"><a href=\"https:\/\/youtu.be\/bl_9Bp9KAVg\">RSH Video<\/a><\/p>\n<hr \/>\n<p><img loading=\"lazy\" decoding=\"async\" class=\"size-medium wp-image-16057 aligncenter\" src=\"https:\/\/dev.tolomatic.com\/wp-content\/uploads\/2022\/06\/ima-s-ed-300x257.jpg\" alt=\"\" width=\"300\" height=\"257\" srcset=\"https:\/\/dev.tolomatic.com\/wp-content\/uploads\/2022\/06\/ima-s-ed-300x257.jpg 300w, https:\/\/dev.tolomatic.com\/wp-content\/uploads\/2022\/06\/ima-s-ed-600x514.jpg 600w, https:\/\/dev.tolomatic.com\/wp-content\/uploads\/2022\/06\/ima-s-ed-1024x877.jpg 1024w, https:\/\/dev.tolomatic.com\/wp-content\/uploads\/2022\/06\/ima-s-ed-768x657.jpg 768w, https:\/\/dev.tolomatic.com\/wp-content\/uploads\/2022\/06\/ima-s-ed-1536x1315.jpg 1536w, https:\/\/dev.tolomatic.com\/wp-content\/uploads\/2022\/06\/ima-s-ed-2048x1753.jpg 2048w, https:\/\/dev.tolomatic.com\/wp-content\/uploads\/2022\/06\/ima-s-ed-1600x1370.jpg 1600w\" sizes=\"auto, (max-width: 300px) 100vw, 300px\" \/><\/p>\n<h4 style=\"text-align: center;\"><a href=\"https:\/\/dev.tolomatic.com\/de\/produkte\/produktdetails\/ima-s-hygienic-stainless-steel-actuators\/\"><strong>IMA-S Hygienische integrierte Servoantriebe aus Edelstahl<\/strong><\/a><\/h4>\n<p style=\"text-align: center;\">Konstruktion aus Edelstahl 316<\/p>\n<p style=\"text-align: center;\">Kr\u00e4fte bis zu 11,1 kN<\/p>\n<p style=\"text-align: center;\">IP69k, clean-in-place (CIP)<\/p>\n<p style=\"text-align: center;\"><a href=\"https:\/\/youtu.be\/zFxCzrmK10M\">IMA-S Video<\/a><\/p>\n<hr \/>\n<p><img loading=\"lazy\" decoding=\"async\" class=\"size-medium wp-image-16055 aligncenter\" src=\"https:\/\/dev.tolomatic.com\/wp-content\/uploads\/2022\/06\/erd-ed-300x273.jpg\" alt=\"\" width=\"300\" height=\"273\" srcset=\"https:\/\/dev.tolomatic.com\/wp-content\/uploads\/2022\/06\/erd-ed-300x273.jpg 300w, https:\/\/dev.tolomatic.com\/wp-content\/uploads\/2022\/06\/erd-ed.jpg 550w\" sizes=\"auto, (max-width: 300px) 100vw, 300px\" \/><\/p>\n<h4 style=\"text-align: center;\"><a href=\"https:\/\/dev.tolomatic.com\/de\/produkte\/produktdetails\/erd-ss2-stainless-steel-electric-actuators-with-protective-motor-enclosure\/\"><strong>ERD-SS2 Elektrische Stellantriebe aus Edelstahl<\/strong><\/a><\/h4>\n<p style=\"text-align: center;\">IP69k, clean-in-place (CIP)<\/p>\n<p style=\"text-align: center;\">Kr\u00e4fte bis zu 1,4 kN<\/p>\n<p style=\"text-align: center;\">USDA- und 3A-Hygienedesign zugelassen<\/p>\n<p style=\"text-align: center;\"><a href=\"https:\/\/youtu.be\/rcwIL_V29Y8\">ERD-SS2 Video<\/a><\/p>\n<hr \/>\n\t\t <\/div> \t\t\t\t<div class=\"columns\">\n\t\t\t<div class=\"column\">\n\t\t\t\t\t\t\t<\/div>\n\t\t\t\t\t\t\t\t<\/div>\n\t\t\t<\/div>\n\t\t<\/div>\n","protected":false},"excerpt":{"rendered":"","protected":false},"author":1,"featured_media":0,"parent":18917,"menu_order":4,"comment_status":"closed","ping_status":"closed","template":"templates\/educationalresources.php","meta":{"_acf_changed":false,"footnotes":""},"class_list":["post-30259","page","type-page","status-publish","hentry"],"acf":[],"_links":{"self":[{"href":"https:\/\/dev.tolomatic.com\/de\/wp-json\/wp\/v2\/pages\/30259","targetHints":{"allow":["GET"]}}],"collection":[{"href":"https:\/\/dev.tolomatic.com\/de\/wp-json\/wp\/v2\/pages"}],"about":[{"href":"https:\/\/dev.tolomatic.com\/de\/wp-json\/wp\/v2\/types\/page"}],"author":[{"embeddable":true,"href":"https:\/\/dev.tolomatic.com\/de\/wp-json\/wp\/v2\/users\/1"}],"replies":[{"embeddable":true,"href":"https:\/\/dev.tolomatic.com\/de\/wp-json\/wp\/v2\/comments?post=30259"}],"version-history":[{"count":0,"href":"https:\/\/dev.tolomatic.com\/de\/wp-json\/wp\/v2\/pages\/30259\/revisions"}],"up":[{"embeddable":true,"href":"https:\/\/dev.tolomatic.com\/de\/wp-json\/wp\/v2\/pages\/18917"}],"wp:attachment":[{"href":"https:\/\/dev.tolomatic.com\/de\/wp-json\/wp\/v2\/media?parent=30259"}],"curies":[{"name":"wp","href":"https:\/\/api.w.org\/{rel}","templated":true}]}}